{"id":87,"date":"2015-09-04T09:02:46","date_gmt":"2015-09-04T08:02:46","guid":{"rendered":"http:\/\/vivesweb.be\/expressie\/?page_id=87"},"modified":"2015-10-20T07:09:54","modified_gmt":"2015-10-20T06:09:54","slug":"dramatisch-spel","status":"publish","type":"page","link":"https:\/\/vivesweb.be\/expressie\/dramatisch-spel\/","title":{"rendered":"Dramatisch spel"},"content":{"rendered":"<p>Bij spontaan spelen putten de kinderen hun &#8216;spelstof&#8217; uit hun leef- en belevingswereld. Daar ligt de oorsprong van dramatisch spel.<br \/>\nEr zijn sterk gestuurde en ge\u00efmproviseerde spelen. Sterk gestuurd spel verloopt volgens een vrij strikt patroon. Vrije, ge\u00efmproviseerde spelen komen zonder veel regels en materi\u00eble middelen tot stand. Die vragen wel een maximum aan vindingrijkheid en inlevingsvermogen. Ze zijn vrij persoonlijk, want de speler zelf bepaalt de inhoud en het verloop. Tussen deze twee uitersten ligt een zeer brede waaier aan spelmogelijkheden. Ze lopen over een continiu\u00fcm van (voor)gestructureerd spel naar heel open, zeg maar spontaal spel.<br \/>\nDramatisch spel zoals voor het onderwijs bedoeld wordt, kent tal van vormen. Die lopen eveneens van gestuurd, via begeleid naar ge\u00efmproviseerd, vrij spelen. Bijvoorbeeld van regelspel, via begeleid spel naar vrij spel. Of van rollenspel via afspraakspel naar improvisatiespel.<\/p>\n","protected":false},"excerpt":{"rendered":"<p>Bij spontaan spelen putten de kinderen hun &#8216;spelstof&#8217; uit hun leef- en belevingswereld. Daar ligt de oorsprong van dramatisch spel. Er zijn sterk gestuurde en ge\u00efmproviseerde spelen. Sterk gestuurd spel verloopt volgens een vrij strikt patroon. Vrije, ge\u00efmproviseerde spelen komen<\/p>\n","protected":false},"author":22,"featured_media":0,"parent":0,"menu_order":5,"comment_status":"closed","ping_status":"closed","template":"","meta":{"footnotes":""},"categories":[],"tags":[],"class_list":["post-87","page","type-page","status-publish","hentry"],"_links":{"self":[{"href":"https:\/\/vivesweb.be\/expressie\/wp-json\/wp\/v2\/pages\/87","targetHints":{"allow":["GET"]}}],"collection":[{"href":"https:\/\/vivesweb.be\/expressie\/wp-json\/wp\/v2\/pages"}],"about":[{"href":"https:\/\/vivesweb.be\/expressie\/wp-json\/wp\/v2\/types\/page"}],"author":[{"embeddable":true,"href":"https:\/\/vivesweb.be\/expressie\/wp-json\/wp\/v2\/users\/22"}],"replies":[{"embeddable":true,"href":"https:\/\/vivesweb.be\/expressie\/wp-json\/wp\/v2\/comments?post=87"}],"version-history":[{"count":5,"href":"https:\/\/vivesweb.be\/expressie\/wp-json\/wp\/v2\/pages\/87\/revisions"}],"predecessor-version":[{"id":130,"href":"https:\/\/vivesweb.be\/expressie\/wp-json\/wp\/v2\/pages\/87\/revisions\/130"}],"wp:attachment":[{"href":"https:\/\/vivesweb.be\/expressie\/wp-json\/wp\/v2\/media?parent=87"}],"wp:term":[{"taxonomy":"category","embeddable":true,"href":"https:\/\/vivesweb.be\/expressie\/wp-json\/wp\/v2\/categories?post=87"},{"taxonomy":"post_tag","embeddable":true,"href":"https:\/\/vivesweb.be\/expressie\/wp-json\/wp\/v2\/tags?post=87"}],"curies":[{"name":"wp","href":"https:\/\/api.w.org\/{rel}","templated":true}]}}