{"id":115,"date":"2015-09-18T09:42:49","date_gmt":"2015-09-18T08:42:49","guid":{"rendered":"http:\/\/vivesweb.be\/grondhouding\/?page_id=115"},"modified":"2015-09-18T09:43:40","modified_gmt":"2015-09-18T08:43:40","slug":"natuur-als-inspiratie","status":"publish","type":"page","link":"https:\/\/vivesweb.be\/grondhouding\/creatief-denken\/brainstormen\/natuur-als-inspiratie\/","title":{"rendered":"Natuur als inspiratie"},"content":{"rendered":"<p><span class=\"text932Font6\">Dit is een iets moeilijkere maar leuke brainstormtechniek. <\/span><\/p>\n<p><span class=\"text932Font11\">\u2022<\/span>\u00a0\u00a0\u00a0\u00a0\u00a0\u00a0\u00a0 <span class=\"text932Font7\">Op een groot blad papier schrijf je de naam van een willekeurig dier. <\/span><\/p>\n<p><span class=\"text932Font11\">\u2022<\/span>\u00a0\u00a0\u00a0\u00a0\u00a0\u00a0\u00a0 <span class=\"text932Font7\">Errond noteer je 8 \u00e0 10 woorden die dat dier bij je oproept. <\/span><\/p>\n<p><span class=\"text932Font8\">Kies \u00e9\u00e9n van die woorden. Dit woord gebruik je als inspiratiebron voor nieuwe oplossingen voor je probleem.<\/span><\/p>\n","protected":false},"excerpt":{"rendered":"<p>Dit is een iets moeilijkere maar leuke brainstormtechniek. \u2022\u00a0\u00a0\u00a0\u00a0\u00a0\u00a0\u00a0 Op een groot blad papier schrijf je de naam van een willekeurig dier. \u2022\u00a0\u00a0\u00a0\u00a0\u00a0\u00a0\u00a0 Errond noteer je 8 \u00e0 10 woorden die dat dier bij je oproept. Kies \u00e9\u00e9n van die<\/p>\n","protected":false},"author":22,"featured_media":0,"parent":107,"menu_order":4,"comment_status":"closed","ping_status":"closed","template":"","meta":{"footnotes":""},"categories":[],"tags":[],"class_list":["post-115","page","type-page","status-publish","hentry"],"_links":{"self":[{"href":"https:\/\/vivesweb.be\/grondhouding\/wp-json\/wp\/v2\/pages\/115","targetHints":{"allow":["GET"]}}],"collection":[{"href":"https:\/\/vivesweb.be\/grondhouding\/wp-json\/wp\/v2\/pages"}],"about":[{"href":"https:\/\/vivesweb.be\/grondhouding\/wp-json\/wp\/v2\/types\/page"}],"author":[{"embeddable":true,"href":"https:\/\/vivesweb.be\/grondhouding\/wp-json\/wp\/v2\/users\/22"}],"replies":[{"embeddable":true,"href":"https:\/\/vivesweb.be\/grondhouding\/wp-json\/wp\/v2\/comments?post=115"}],"version-history":[{"count":1,"href":"https:\/\/vivesweb.be\/grondhouding\/wp-json\/wp\/v2\/pages\/115\/revisions"}],"predecessor-version":[{"id":116,"href":"https:\/\/vivesweb.be\/grondhouding\/wp-json\/wp\/v2\/pages\/115\/revisions\/116"}],"up":[{"embeddable":true,"href":"https:\/\/vivesweb.be\/grondhouding\/wp-json\/wp\/v2\/pages\/107"}],"wp:attachment":[{"href":"https:\/\/vivesweb.be\/grondhouding\/wp-json\/wp\/v2\/media?parent=115"}],"wp:term":[{"taxonomy":"category","embeddable":true,"href":"https:\/\/vivesweb.be\/grondhouding\/wp-json\/wp\/v2\/categories?post=115"},{"taxonomy":"post_tag","embeddable":true,"href":"https:\/\/vivesweb.be\/grondhouding\/wp-json\/wp\/v2\/tags?post=115"}],"curies":[{"name":"wp","href":"https:\/\/api.w.org\/{rel}","templated":true}]}}