{"id":1300,"date":"2015-03-23T14:03:14","date_gmt":"2015-03-23T13:03:14","guid":{"rendered":"http:\/\/vivesweb.be\/ikleuter\/?page_id=1300"},"modified":"2019-04-17T13:19:18","modified_gmt":"2019-04-17T12:19:18","slug":"klasinrichting","status":"publish","type":"page","link":"https:\/\/vivesweb.be\/ikleuter\/peuterklas\/algemeen\/klasinrichting\/","title":{"rendered":"Klasinrichting"},"content":{"rendered":"<p>Deel een klas niet willekeurig in.<\/p>\n<p>Sommige activiteiten zijn, bijvoorbeeld omwille van het lawaai,\u00a0 storend voor elkaar en de speelwerkplekken voor deze activiteiten plaats je niet naast elkaar, andere zijn verzoenbaar en sommige aanvullend. \u00a0Plaats de knutselhoek en zand- en watertafel in de nabijheid van water. De boekenhoek plaats je verder van kranen of de watertafel.\u00a0 De leeshoek en knutselhoek\u00a0 zijn best lichtrijke hoeken .<br \/>\nStel de materialen goed zichtbaar op: etiketten op dozen, laden en rekken doen vlot terugvinden en opruimen; open rekken en kasten.<br \/>\nZorg voor de nodige beslotenheid: De kasten waar allerlei materiaal inzit, kunnen grotendeels de afbakening van verschillende hoeken vormen, ook houten platen, doeken, gordijnen bakenen hoeken af.<\/p>\n<p><strong>Peuterklas:<br \/>\n<\/strong>Cre\u00eber een <strong>huiselijke, rustige en toch vrolijke sfeer, waar peuters zich veilig kunnen voelen<\/strong>. De kasten van een peuterklasje zijn best wat lager, net als de afscherming tussen de hoeken omdat <strong>deze kleuters het contact met de leerkracht niet helemaal willen verliezen.<br \/>\n<\/strong>Voor deze groep zullen de meeste activiteiten zich afspelen in de <strong>hoeken of speelwerkplekken<\/strong>, er zijn dus slechts \u00e9\u00e9n \u00e0 twee <strong>tafelgroepjes <\/strong>nodig. Het is niet noodzakelijk dat alle peuters tegelijk aan de tafels kunnen zitten. De speelhoeken moeten aansluiten bij de behoefte van de peuter\u00a0om te manipuleren en te bewegen.<br \/>\nHet jonge kind nog een grote bewegingsdrang zodat er ook een <strong>circulatieruimte <\/strong>moet zijn.<br \/>\nHet aanwezige materiaal in de hoeken moet nog enigszins beperkt zijn ( maar kan je als leidster wel regelmatig afwisselen), zodat het overzichtelijk is voor de peuter.<\/p>\n<p>Peuters spelen nog graag op de vloer. Een veilige, warme vloer is daarom aangeraden, zeker in de bouwhoek, hoek voor klein spelmateriaal en onthaalhoek. Bij de zand\/waterhoek en rond de hoek waar peuters beeldend werken, is een vloer die je makkelijk kan vegen en dweilen noodzakelijk.<\/p>\n<p>Er is ook aandacht nodig voor de <strong>verzorging<\/strong> van de peuters. Kinderen worden zindelijk tussen anderhalf en vier jaar. Het is handig dat er dichtbij de klasruimte een kindertoilet is, misschien kan er\u00a0 verzorgingstafel met verzorgingskussen en een potje in de klas geplaatst worden. Opbergruimte voor reservekledij, vochtige doekjes en eventueel wat luiers, is nodig.<\/p>\n<p>&nbsp;<\/p>\n<p><img loading=\"lazy\" decoding=\"async\" class=\" size-medium wp-image-1303 alignnone\" src=\"https:\/\/vivesweb.be\/ikleuter\/wp-content\/uploads\/sites\/3\/2015\/03\/klasinrichting1-225x300.jpg\" alt=\"klasinrichting1\" width=\"225\" height=\"300\" srcset=\"https:\/\/vivesweb.be\/ikleuter\/wp-content\/uploads\/sites\/3\/2015\/03\/klasinrichting1-225x300.jpg 225w, https:\/\/vivesweb.be\/ikleuter\/wp-content\/uploads\/sites\/3\/2015\/03\/klasinrichting1.jpg 600w\" sizes=\"auto, (max-width: 225px) 100vw, 225px\" \/><\/p>\n<p><strong>Op bovenstaande foto:<\/strong><\/p>\n<p>Een gordijn biedt de mogelijkheid om een bepaald deel van de klas meer of minder af te schermen. Hier kan het gordijn de hoeken voor rollenspel meer of minder afschermen (poppenhoek, huishoek en winkeltje).<br \/>\nDe klas straalt een rustige, maar toch vrolijke sfeer uit.<br \/>\n1 groepje tafels is voldoende. Het is niet noodzakelijk dat alle peuters tegelijk aan de tafels kunnen zitten. De activiteiten aan tafel gebeuren in kleine groep. De peuters kunnen wel allemaal samenzitten in de onthaalhoek.<\/p>\n<p><a href=\"https:\/\/vivesweb.be\/ikleuter\/wp-content\/uploads\/sites\/3\/2011\/01\/klasinrichting2.jpg\"><img loading=\"lazy\" decoding=\"async\" class=\" size-medium wp-image-4 alignnone\" src=\"https:\/\/vivesweb.be\/ikleuter\/wp-content\/uploads\/sites\/3\/2011\/01\/klasinrichting2-225x300.jpg\" alt=\"alt\" width=\"225\" height=\"300\" srcset=\"https:\/\/vivesweb.be\/ikleuter\/wp-content\/uploads\/sites\/3\/2011\/01\/klasinrichting2-225x300.jpg 225w, https:\/\/vivesweb.be\/ikleuter\/wp-content\/uploads\/sites\/3\/2011\/01\/klasinrichting2.jpg 600w\" sizes=\"auto, (max-width: 225px) 100vw, 225px\" \/><\/a><\/p>\n<p><strong>Op bovenstaande foto:<\/strong><\/p>\n<p>Er is naast de spelhoeken ook aandacht voor de verzorging van de peuters. Er is een verzorgingstafel met verzorgingskussen en een potje in de klas. Hier is ook wat opbergruimte voorzien voor reservekledij, vochtige doekjes en eventueel wat luiers.<\/p>\n<p><a href=\"https:\/\/vivesweb.be\/ikleuter\/wp-content\/uploads\/sites\/3\/2015\/03\/klasinrichting3.jpg\"><img loading=\"lazy\" decoding=\"async\" class=\"alignnone size-medium wp-image-1305\" src=\"https:\/\/vivesweb.be\/ikleuter\/wp-content\/uploads\/sites\/3\/2015\/03\/klasinrichting3-225x300.jpg\" alt=\"klasinrichting3\" width=\"225\" height=\"300\" srcset=\"https:\/\/vivesweb.be\/ikleuter\/wp-content\/uploads\/sites\/3\/2015\/03\/klasinrichting3-225x300.jpg 225w, https:\/\/vivesweb.be\/ikleuter\/wp-content\/uploads\/sites\/3\/2015\/03\/klasinrichting3.jpg 600w\" sizes=\"auto, (max-width: 225px) 100vw, 225px\" \/><\/a><\/p>\n<p><strong>Op bovenstaande foto:<\/strong><br \/>\nJe ziet dat er de klas overzichtelijk blijft, er is ook nog voldoende open ruimte of circulatieruimte.<\/p>\n<p><a href=\"https:\/\/vivesweb.be\/ikleuter\/wp-content\/uploads\/sites\/3\/2011\/01\/klasinrichting4.jpg\"><img loading=\"lazy\" decoding=\"async\" class=\"alignnone size-medium wp-image-6\" src=\"https:\/\/vivesweb.be\/ikleuter\/wp-content\/uploads\/sites\/3\/2011\/01\/klasinrichting4-300x225.jpg\" alt=\"alt\" width=\"300\" height=\"225\" srcset=\"https:\/\/vivesweb.be\/ikleuter\/wp-content\/uploads\/sites\/3\/2011\/01\/klasinrichting4-300x225.jpg 300w, https:\/\/vivesweb.be\/ikleuter\/wp-content\/uploads\/sites\/3\/2011\/01\/klasinrichting4.jpg 600w\" sizes=\"auto, (max-width: 300px) 100vw, 300px\" \/><\/a><\/p>\n<p><strong>Vooraan:<\/strong> huis- en poppenhoek (buiten beeld: rechts het winkeltje).<br \/>\n<strong>Achter de kastjes:<\/strong> onthaalhoek met een zeteltje voor elke peuter. Achter het rek is er de bouwhoek en de kapstok met verkleedkledij. Achteraan in het midden staat de zand\/watertafel. Helemaal achteraan is er de bewegingshoek. (Buiten beeld: in een hoekje rechts is er de knuffel- en slaaphoek. Daar is er ook een wastafeltje met aanrecht en een verzorgingstafel).<br \/>\nDe verschillende speelhoeken zijn duidelijk van elkaar te onderscheiden, maar toch kan de peuter vanuit het hoekje waar hij speelt de rest van de klas nog zien. Alle afscheidingen zijn laag gehouden of sluiten slechts een deel van de hoek af.<\/p>\n<h2>voorbeelden<\/h2>\n<div id='gallery-1' class='gallery galleryid-1300 gallery-columns-3 gallery-size-medium'><figure class='gallery-item'>\n\t\t\t<div class='gallery-icon landscape'>\n\t\t\t\t<a href='https:\/\/vivesweb.be\/ikleuter\/overzichtklasjeroll\/'><img loading=\"lazy\" decoding=\"async\" width=\"300\" height=\"200\" src=\"https:\/\/vivesweb.be\/ikleuter\/wp-content\/uploads\/sites\/3\/2015\/03\/overzichtklasjeroll-300x200.jpg\" class=\"attachment-medium size-medium\" alt=\"\" aria-describedby=\"gallery-1-1309\" srcset=\"https:\/\/vivesweb.be\/ikleuter\/wp-content\/uploads\/sites\/3\/2015\/03\/overzichtklasjeroll-300x200.jpg 300w, https:\/\/vivesweb.be\/ikleuter\/wp-content\/uploads\/sites\/3\/2015\/03\/overzichtklasjeroll.jpg 600w\" sizes=\"auto, (max-width: 300px) 100vw, 300px\" \/><\/a>\n\t\t\t<\/div>\n\t\t\t\t<figcaption class='wp-caption-text gallery-caption' id='gallery-1-1309'>\n\t\t\t\tVoldoende circulatieruimte. Aandacht voor een bewegingshoek. \n\t\t\t\t<\/figcaption><\/figure><figure class='gallery-item'>\n\t\t\t<div class='gallery-icon landscape'>\n\t\t\t\t<a href='https:\/\/vivesweb.be\/ikleuter\/afsluitendgordijnendakjetwee\/'><img loading=\"lazy\" decoding=\"async\" width=\"300\" height=\"225\" src=\"https:\/\/vivesweb.be\/ikleuter\/wp-content\/uploads\/sites\/3\/2015\/03\/afsluitendgordijnendakjetwee-300x225.jpg\" class=\"attachment-medium size-medium\" alt=\"\" srcset=\"https:\/\/vivesweb.be\/ikleuter\/wp-content\/uploads\/sites\/3\/2015\/03\/afsluitendgordijnendakjetwee-300x225.jpg 300w, https:\/\/vivesweb.be\/ikleuter\/wp-content\/uploads\/sites\/3\/2015\/03\/afsluitendgordijnendakjetwee.jpg 600w\" sizes=\"auto, (max-width: 300px) 100vw, 300px\" \/><\/a>\n\t\t\t<\/div><\/figure><figure class='gallery-item'>\n\t\t\t<div class='gallery-icon portrait'>\n\t\t\t\t<a href='https:\/\/vivesweb.be\/ikleuter\/familiedeur1a\/'><img loading=\"lazy\" decoding=\"async\" width=\"225\" height=\"300\" src=\"https:\/\/vivesweb.be\/ikleuter\/wp-content\/uploads\/sites\/3\/2015\/03\/familiedeur1a-225x300.jpg\" class=\"attachment-medium size-medium\" alt=\"\" aria-describedby=\"gallery-1-1311\" srcset=\"https:\/\/vivesweb.be\/ikleuter\/wp-content\/uploads\/sites\/3\/2015\/03\/familiedeur1a-225x300.jpg 225w, https:\/\/vivesweb.be\/ikleuter\/wp-content\/uploads\/sites\/3\/2015\/03\/familiedeur1a.jpg 600w\" sizes=\"auto, (max-width: 225px) 100vw, 225px\" \/><\/a>\n\t\t\t<\/div>\n\t\t\t\t<figcaption class='wp-caption-text gallery-caption' id='gallery-1-1311'>\n\t\t\t\tFamiliefoto&#8217;s op de deur.  \n\t\t\t\t<\/figcaption><\/figure><figure class='gallery-item'>\n\t\t\t<div class='gallery-icon portrait'>\n\t\t\t\t<a href='https:\/\/vivesweb.be\/ikleuter\/familiehartaalb-2\/'><img loading=\"lazy\" decoding=\"async\" width=\"225\" height=\"300\" src=\"https:\/\/vivesweb.be\/ikleuter\/wp-content\/uploads\/sites\/3\/2015\/03\/familiehartaalb-225x300.jpg\" class=\"attachment-medium size-medium\" alt=\"\" aria-describedby=\"gallery-1-1302\" srcset=\"https:\/\/vivesweb.be\/ikleuter\/wp-content\/uploads\/sites\/3\/2015\/03\/familiehartaalb-225x300.jpg 225w, https:\/\/vivesweb.be\/ikleuter\/wp-content\/uploads\/sites\/3\/2015\/03\/familiehartaalb.jpg 600w\" sizes=\"auto, (max-width: 225px) 100vw, 225px\" \/><\/a>\n\t\t\t<\/div>\n\t\t\t\t<figcaption class='wp-caption-text gallery-caption' id='gallery-1-1302'>\n\t\t\t\tFamiliefoto&#8217;s op een wand bij de onthaalhoek.\n\t\t\t\t<\/figcaption><\/figure><figure class='gallery-item'>\n\t\t\t<div class='gallery-icon portrait'>\n\t\t\t\t<a href='https:\/\/vivesweb.be\/ikleuter\/peuterklas\/algemeen\/klasinrichting\/klasinrichting1-2\/'><img loading=\"lazy\" decoding=\"async\" width=\"225\" height=\"300\" src=\"https:\/\/vivesweb.be\/ikleuter\/wp-content\/uploads\/sites\/3\/2015\/03\/klasinrichting1-225x300.jpg\" class=\"attachment-medium size-medium\" alt=\"\" aria-describedby=\"gallery-1-1303\" srcset=\"https:\/\/vivesweb.be\/ikleuter\/wp-content\/uploads\/sites\/3\/2015\/03\/klasinrichting1-225x300.jpg 225w, https:\/\/vivesweb.be\/ikleuter\/wp-content\/uploads\/sites\/3\/2015\/03\/klasinrichting1.jpg 600w\" sizes=\"auto, (max-width: 225px) 100vw, 225px\" \/><\/a>\n\t\t\t<\/div>\n\t\t\t\t<figcaption class='wp-caption-text gallery-caption' id='gallery-1-1303'>\n\t\t\t\t1 tafelgroep is voldoende. \n\t\t\t\t<\/figcaption><\/figure><figure class='gallery-item'>\n\t\t\t<div class='gallery-icon portrait'>\n\t\t\t\t<a href='https:\/\/vivesweb.be\/ikleuter\/klasinrichting2-2\/'><img loading=\"lazy\" decoding=\"async\" width=\"225\" height=\"300\" src=\"https:\/\/vivesweb.be\/ikleuter\/wp-content\/uploads\/sites\/3\/2015\/03\/klasinrichting2-225x300.jpg\" class=\"attachment-medium size-medium\" alt=\"\" aria-describedby=\"gallery-1-1304\" srcset=\"https:\/\/vivesweb.be\/ikleuter\/wp-content\/uploads\/sites\/3\/2015\/03\/klasinrichting2-225x300.jpg 225w, https:\/\/vivesweb.be\/ikleuter\/wp-content\/uploads\/sites\/3\/2015\/03\/klasinrichting2.jpg 600w\" sizes=\"auto, (max-width: 225px) 100vw, 225px\" \/><\/a>\n\t\t\t<\/div>\n\t\t\t\t<figcaption class='wp-caption-text gallery-caption' id='gallery-1-1304'>\n\t\t\t\tEen gordijn biedt mogelijkheden om een deel van de ruimte af te sluiten. \n\t\t\t\t<\/figcaption><\/figure><figure class='gallery-item'>\n\t\t\t<div class='gallery-icon portrait'>\n\t\t\t\t<a href='https:\/\/vivesweb.be\/ikleuter\/peuterklas\/algemeen\/klasinrichting\/klasinrichting3-2\/'><img loading=\"lazy\" decoding=\"async\" width=\"225\" height=\"300\" src=\"https:\/\/vivesweb.be\/ikleuter\/wp-content\/uploads\/sites\/3\/2015\/03\/klasinrichting3-225x300.jpg\" class=\"attachment-medium size-medium\" alt=\"\" srcset=\"https:\/\/vivesweb.be\/ikleuter\/wp-content\/uploads\/sites\/3\/2015\/03\/klasinrichting3-225x300.jpg 225w, https:\/\/vivesweb.be\/ikleuter\/wp-content\/uploads\/sites\/3\/2015\/03\/klasinrichting3.jpg 600w\" sizes=\"auto, (max-width: 225px) 100vw, 225px\" \/><\/a>\n\t\t\t<\/div><\/figure><figure class='gallery-item'>\n\t\t\t<div class='gallery-icon landscape'>\n\t\t\t\t<a href='https:\/\/vivesweb.be\/ikleuter\/klasinrichting4-2\/'><img loading=\"lazy\" decoding=\"async\" width=\"300\" height=\"225\" src=\"https:\/\/vivesweb.be\/ikleuter\/wp-content\/uploads\/sites\/3\/2015\/03\/klasinrichting4-300x225.jpg\" class=\"attachment-medium size-medium\" alt=\"\" srcset=\"https:\/\/vivesweb.be\/ikleuter\/wp-content\/uploads\/sites\/3\/2015\/03\/klasinrichting4-300x225.jpg 300w, https:\/\/vivesweb.be\/ikleuter\/wp-content\/uploads\/sites\/3\/2015\/03\/klasinrichting4.jpg 600w\" sizes=\"auto, (max-width: 300px) 100vw, 300px\" \/><\/a>\n\t\t\t<\/div><\/figure><figure class='gallery-item'>\n\t\t\t<div class='gallery-icon portrait'>\n\t\t\t\t<a href='https:\/\/vivesweb.be\/ikleuter\/lavaboenaanrecht\/'><img loading=\"lazy\" decoding=\"async\" width=\"225\" height=\"300\" src=\"https:\/\/vivesweb.be\/ikleuter\/wp-content\/uploads\/sites\/3\/2015\/03\/lavaboenaanrecht-225x300.jpg\" class=\"attachment-medium size-medium\" alt=\"\" srcset=\"https:\/\/vivesweb.be\/ikleuter\/wp-content\/uploads\/sites\/3\/2015\/03\/lavaboenaanrecht-225x300.jpg 225w, https:\/\/vivesweb.be\/ikleuter\/wp-content\/uploads\/sites\/3\/2015\/03\/lavaboenaanrecht.jpg 600w\" sizes=\"auto, (max-width: 225px) 100vw, 225px\" \/><\/a>\n\t\t\t<\/div><\/figure><figure class='gallery-item'>\n\t\t\t<div class='gallery-icon landscape'>\n\t\t\t\t<a href='https:\/\/vivesweb.be\/ikleuter\/panoramapeuterklas\/'><img loading=\"lazy\" decoding=\"async\" width=\"300\" height=\"95\" src=\"https:\/\/vivesweb.be\/ikleuter\/wp-content\/uploads\/sites\/3\/2015\/03\/Panoramapeuterklas-300x95.jpg\" class=\"attachment-medium size-medium\" alt=\"\" srcset=\"https:\/\/vivesweb.be\/ikleuter\/wp-content\/uploads\/sites\/3\/2015\/03\/Panoramapeuterklas-300x95.jpg 300w, https:\/\/vivesweb.be\/ikleuter\/wp-content\/uploads\/sites\/3\/2015\/03\/Panoramapeuterklas.jpg 600w\" sizes=\"auto, (max-width: 300px) 100vw, 300px\" \/><\/a>\n\t\t\t<\/div><\/figure>\n\t\t<\/div>\n\n","protected":false},"excerpt":{"rendered":"<p>Deel een klas niet willekeurig in. Sommige activiteiten zijn, bijvoorbeeld omwille van het lawaai,\u00a0 storend voor elkaar en de speelwerkplekken voor deze activiteiten plaats je niet naast elkaar, andere zijn verzoenbaar en sommige aanvullend. \u00a0Plaats de knutselhoek en zand- en<\/p>\n","protected":false},"author":21,"featured_media":0,"parent":1296,"menu_order":20,"comment_status":"closed","ping_status":"closed","template":"","meta":{"footnotes":""},"categories":[169],"tags":[],"class_list":["post-1300","page","type-page","status-publish","hentry","category-peuterklas"],"_links":{"self":[{"href":"https:\/\/vivesweb.be\/ikleuter\/wp-json\/wp\/v2\/pages\/1300","targetHints":{"allow":["GET"]}}],"collection":[{"href":"https:\/\/vivesweb.be\/ikleuter\/wp-json\/wp\/v2\/pages"}],"about":[{"href":"https:\/\/vivesweb.be\/ikleuter\/wp-json\/wp\/v2\/types\/page"}],"author":[{"embeddable":true,"href":"https:\/\/vivesweb.be\/ikleuter\/wp-json\/wp\/v2\/users\/21"}],"replies":[{"embeddable":true,"href":"https:\/\/vivesweb.be\/ikleuter\/wp-json\/wp\/v2\/comments?post=1300"}],"version-history":[{"count":9,"href":"https:\/\/vivesweb.be\/ikleuter\/wp-json\/wp\/v2\/pages\/1300\/revisions"}],"predecessor-version":[{"id":2689,"href":"https:\/\/vivesweb.be\/ikleuter\/wp-json\/wp\/v2\/pages\/1300\/revisions\/2689"}],"up":[{"embeddable":true,"href":"https:\/\/vivesweb.be\/ikleuter\/wp-json\/wp\/v2\/pages\/1296"}],"wp:attachment":[{"href":"https:\/\/vivesweb.be\/ikleuter\/wp-json\/wp\/v2\/media?parent=1300"}],"wp:term":[{"taxonomy":"category","embeddable":true,"href":"https:\/\/vivesweb.be\/ikleuter\/wp-json\/wp\/v2\/categories?post=1300"},{"taxonomy":"post_tag","embeddable":true,"href":"https:\/\/vivesweb.be\/ikleuter\/wp-json\/wp\/v2\/tags?post=1300"}],"curies":[{"name":"wp","href":"https:\/\/api.w.org\/{rel}","templated":true}]}}