{"id":2331,"date":"2015-05-16T14:15:27","date_gmt":"2015-05-16T13:15:27","guid":{"rendered":"http:\/\/vivesweb.be\/ikleuter\/?page_id=2331"},"modified":"2020-08-13T13:08:53","modified_gmt":"2020-08-13T12:08:53","slug":"winkelhoek","status":"publish","type":"page","link":"https:\/\/vivesweb.be\/ikleuter\/3e-kleuterklas\/hoek-voor-rollenspel\/winkelhoek\/","title":{"rendered":"Winkelhoek"},"content":{"rendered":"<p><a href=\"https:\/\/vivesweb.be\/ikleuter\/wp-content\/uploads\/sites\/3\/2015\/05\/winkelhoekoverzichtwinkelwaargevuldroll.jpg\"><img loading=\"lazy\" decoding=\"async\" class=\"alignleft size-medium wp-image-2332\" src=\"https:\/\/vivesweb.be\/ikleuter\/wp-content\/uploads\/sites\/3\/2015\/05\/winkelhoekoverzichtwinkelwaargevuldroll-300x200.jpg\" alt=\"winkelhoekoverzichtwinkelwaargevuldroll\" width=\"300\" height=\"200\" srcset=\"https:\/\/vivesweb.be\/ikleuter\/wp-content\/uploads\/sites\/3\/2015\/05\/winkelhoekoverzichtwinkelwaargevuldroll-300x200.jpg 300w, https:\/\/vivesweb.be\/ikleuter\/wp-content\/uploads\/sites\/3\/2015\/05\/winkelhoekoverzichtwinkelwaargevuldroll.jpg 600w\" sizes=\"auto, (max-width: 300px) 100vw, 300px\" \/><\/a>\u00a0Zorg voor een winkelrek, gevuld met een reeds ruim (maar overzichtelijk, dus gedoseerd) aanbod aan winkelwaar. Deze winkelwaar pas je, indien mogelijk, aan aan het lopende belangstellingscentrum (speelgoedwinkel, fotozaak, apotheek, kruidenier, supermarkt, kledingwinkel, muziekhandel, hoevewinkel, dieren(assecoire)winkel, een tankstation, een bibliotheek, de balie van een museum, enz.). Kleuters kunnen winkelwaren ook zelf maken.<br \/>\nJe kan zelf kleuters sturen tot een bepaalde ordening door op het rek met prenten of picto&#8217;s aan te duiden welke goederen waar horen.<\/p>\n<p>De winkelwaar zijn per stuk te koop, of in een vaste hoeveelheid, of per verpakking, per meter, in gewicht. De verpakkingen kan je vullen, zodat de kleuter daarbij ook het gewicht ervaart.<br \/>\nZorg voor inpakpapier, plakband, lintjes, strikjes, schaar.<br \/>\nDenk ook aan een weegschaal met twee armen, notitieboekje,\u00a0kassa, rekenmachine\u00a0reclamefolder, etiketten om de producten te labelen, een poster aan de muur.<\/p>\n<p>De prijzen worden gevisualiseerd op prijskaarten met getalbeeld (max. 6 stippen) \u00e9n cijfers. Als betaalmiddelen kan je grote en kleine muntstukken aanbieden OF brieven en 1 soort muntstukken. Je kan ook gebruik maken van briefjes met getalbeelden en cijfers erop. Ook een (nagemaakt) elektronisch betaalsysteem en een (vervallen) bankkaart kunnen. We gebruiken g\u00e9\u00e9n echt geld, want met echt geld wordt niet gespeeld.\u00a0 (Boone, 2008)<\/p>\n<p>Het is belangrijk dat het spel van de winkelhoek kan gecombineerd worden met het spel in andere hoeken, waaronder zeker de andere hoeken voor rollenspel, huis-, poppen- en verkleedhoek (Janssen-Vos, 2008). Een voorbeeld hoe het spel de winkel- en huishoek gecombineerd wordt: de kleuter maakt in de huishoek een boodschappenlijstje waarop hij de benodigdheden schetst voor de taart die hij wil maken. Hij gaat met dit lijstje naar de winkel.<br \/>\nOok andere combinaties\u00a0 van hoeken kunnen.<br \/>\nEen voorbeeld hoe je de winkelhoek kan omvormen tot een bibliotheek: boekenkasten of -planken (bv. van de leeshoek); boeken, tijdschriften, kranten; lidmaatschapskaartjes met naam; openingstijden; uitleenkaarten; balpen, potlood, notitieboekje. Op die manier kan je het spel van de winkelhoek (uitleenbalie), integreren met een gezellige lees- en luisterhoek en schrijfhoek. Het kan een manier zijn om de leeshoek opnieuw in de belangstelling te zetten. Je kan de kleuters ook de titels van mooie boeken laten kopi\u00ebren (bv. stempelen), je kan kleuters eigen boeken laten &#8216;schrijven&#8217;, je kan kleuters naar verhalen laten luisteren. Zorg voor portretten van schrijvers aan de wand of\/en voor posters van prentenboeken.<br \/>\nEen voorbeeld hoe je de winkelhoek kan omvormen tot een tankstation: pompen voor diesel, benzine en gas met rubberen slangen; emmers en sponzen; winkelspullen; gereedschap voor reparaties; landkaarten; verkeerstekens en -borden; betaalautomaat met bankkaarten. Op die manier kan je het spel van de autohoek verbinden met het spel in de winkelhoek. Je kan de kleuters ook zelf de pompen laten maken (beeldende opvoeding).<\/p>\n<h2><span style=\"font-size: 14pt\">We bieden ontwikkelkansen<\/span><\/h2>\n<p>In het vrij spel in deze hoek krijgt de ontwikkeling op vele domeinen stimulansen. De taalontwikkeling wordt gestimuleerd in het samenspel, net als de socio-emotionele ontwikkeling. De kleuters leren de werkelijkheid meer begrijpen door het rollenspel, de kleuters nemen initiatief om het spel zelf vorm te geven. Door ervaringen op te doen met hoeveelheden en getallen, door winkelwaar te sorteren, zetten kleuters stappen in hun wiskundig denken.<\/p>\n<p>MUgr2 Durven fantaseren en verbeelden<\/p>\n<p>OWsa2 Ervaren, onderzoeken, vaststellen en uitdrukken hoe mensen in hun levensonderhoud voorzien<\/p>\n<p>WDgk1 Inzicht verwerven in hoeveelheden<\/p>\n<p>WDgk2 Inzicht verwerven in tellen<\/p>\n<p>WDmm1 Vergelijken en ordenen zonder maateenheden<\/p>\n<h2>Groeilijn<\/h2>\n<p>Kleuters van de derde kleuterklas kunnen al wat samen spelen.<\/p>\n<p>Doen alsof-spel: De kleuter gaat in een eenvoudig rollenspel belang hechten aan het zich inleven in een bepaalde rol.\u00a0 Een volgende fase start wanneer kleuters een gezamenlijk spel beginnen, elk met een rol en later ook een soort van gezamenlijk ontwikkeld en gedeeld &#8216;verhaal&#8217; dat bij de rollen hoort. Men spreekt ook van <strong>thematisch rollenspel.<\/strong> Het rollenspel wordt dus ook geleidelijk aan interactiever.<br \/>\n(Janssen-Vos, 2006)<\/p>\n<p>Cognitieve ontwikkeling:<br \/>\nHet inzicht in het wiskundig aspect van &#8216;betalen&#8217; groeit. Ook in het classificeren en seri\u00ebren maken de kleuters vorderingen. De kinderen kunnen daarbij geleidelijk aan complexer classificeren waarbij met meerdere kenmerken wordt rekening gehouden of waarbij met twee kenmerken wordt rekening gehouden, waarvan \u00e9\u00e9n een negatie. Seri\u00ebren op basis van moeilijkere kenmerken en meerdere kenmerken, lukt geleidelijk aan ook.<br \/>\n(Boone,2008)<\/p>\n<h2><span style=\"font-size: 14pt\">Begeleiding van de leerkracht<\/span><\/h2>\n<p>De basishouding bij spelbegeleiding is het serieus nemen van het spel van de kinderen, en er willen en durven in meegaan. Dit doe je door eerst een rustige, afwachtende en observerende houding aan te nemen. Je stelt je nabij op, en je kijkt en luistert aandachtig naar de kinderen, om goed te begrijpen waar hun spel precies om gaat, waar ze plezier in vinden en waar ze eventueel nog nood aan hebben. Daarna kan je gaan meespelen, om zo een meerwaarde te bieden in de ontwikkeling van het spel, of, om door samen te spelen, te investeren in de relatie met deze kleuters.<\/p>\n<p>Begeleiden van het betalen:<br \/>\nBegeleid, zeker in het begin, het inwisselen van geld of het juist betalen: vijf kleine muntstukken voor 1 briefje of een groot muntstuk; of vier euro betalen met een briefje van 3 en een briefje van 1 euro.\u00a0Visualiseer dit systeem.<br \/>\nVerwacht nog niet dat kleuters juist geld teruggeven.<\/p>\n<p>Bij het samen (her)inrichten van en het spel in de winkel kan het classificeren en seri\u00ebren ruimschoots aan bod komen. Het verpakken van materialen stimuleert de kleine motoriek, maar laat kleuters ook rekening houden met de grootte en vorm van de te verpakken producten. Stimuleer de kinderen tot deze soort acties.<br \/>\n&#8220;Tijd&#8221; kan ook aan bod komen, doordat je met de kleuters de openingstijden van de winkel bespreekt en aanduidt.<\/p>\n<p>Zowel bij het winkelspel zelf (door even mee te spelen) als bij het terugblikken op dit spel rijk je woordenschat aan \u00e9n laat je de kleuters zelf ook hun ervaringen verwoorden. Stimuleer de kleuters om de beleefdheidsregels\/omgangsvormen te volgen.<\/p>\n<p>Je kan twee kleuters als winkeliers toelaten, de een kan de producten verzamelen en verpakken, en de andere kan de kassa bedienen.<br \/>\nJe kan tijdens de soldenperiode het rollenspel een stimulans geven, door bv. een uitverkoop te houden met aangepaste prijzen.<\/p>\n<p>(De Clercq, Vandevoordt, Verbeeck, 2006; Aelterman, Buttiens, Clement, D&#8217;Haes, 1997; Rosseel,2011)<\/p>\n<p><strong>Aandacht voor elk kind<\/strong><\/p>\n<p><em><strong>Zorg voor de cognitieve ontwikkeling:<\/strong><\/em><br \/>\nCognitief sterkere kleuters kan je zeker uitdagen door hen als kassier de prijzen te laten berekenen. Eventueel geef je een kleuter de rol van bankier die muntstukken en briefjes inwisselt.<br \/>\nJe kan samen met de kleuters een prijslijst maken. Bespreek wat duur(der) en goedkoop is, visualiseer samen de prijs.<\/p>\n<p>Kleuters die nog moeite hebben met\u00a0het wiskundig redeneren\u00a0dat bij het betalen hoort, help je zelf, door regelmatig samen naar de winkel te gaan, maar je kan ook de sterkere kleuters deze kleuters laten helpen met het betalen.<\/p>\n<p><em><strong>Zorg voor de emotionele ontwikkeling:<\/strong><\/em><br \/>\nKleuters met een andere thuiscultuur dan de Westerse cultuur kunnen zich veiliger voelen als ze in de winkelhoek ook met koopwaar kunnen spelen die ze herkennen van bij hen thuis. Dit betekent voor de andere kleuters ook een verrijking.<\/p>\n<p><strong><em>Zorg voor de sociale ontwikkeling:<\/em><\/strong><br \/>\nWanneer kleuters nog moeilijk tot rollenspel komen:<br \/>\nBouw een heel eenvoudig doe-alsofspel op, door zelf handelingen voor te tonen. Bv. je speelt even klant, of je speelt even winkelier.<\/p>\n<p>Wanneer kleuters moeilijk tot samenspel komen:<br \/>\nGa zelf even meespelen, en nodig in het spel twee kleuters uit om (even) met elkaar in interactie te gaan.<\/p>\n<p><em><strong>Zorg voor de taalontwikkeling:<\/strong><\/em><br \/>\nBenoem duidelijk de gebruikte materialen en handelingen. Stel vragen m.b.t. het spel (bv. speel zelf ook een rol en laat dit personage de kleuter dingen vragen) waardoor de kleuter ertoe aangezet wordt om zelf veel te praten. Stel bij het terugblikken op dit spel concrete vragen aan deze kleuter (Wat heb je gekocht? Hoe heb je betaald, hoe moet je dat doen?)<\/p>\n<p><em><strong>Zorg voor de ontwikkeling van de kleine motoriek en de zelfredzaamheid:<\/strong><\/em><br \/>\nStimuleer klein motorische handelingen zoals het opendoen en dichtdoen van verpakkingen, het stapelen van winkelwaar op het rekje, het inpakken van winkelwaar (het is normaal dat dit nog wat slordig gebeurt!), &#8230;<\/p>\n<h2><span style=\"font-size: 14pt\">Voorbeelden<\/span><\/h2>\n<div id='gallery-1' class='gallery galleryid-2331 gallery-columns-3 gallery-size-medium'><figure class='gallery-item'>\n\t\t\t<div class='gallery-icon landscape'>\n\t\t\t\t<a href='https:\/\/vivesweb.be\/ikleuter\/wp-content\/uploads\/sites\/3\/2015\/05\/bestelboek.jpg'><img loading=\"lazy\" decoding=\"async\" width=\"300\" height=\"225\" src=\"https:\/\/vivesweb.be\/ikleuter\/wp-content\/uploads\/sites\/3\/2015\/05\/bestelboek-300x225.jpg\" class=\"attachment-medium size-medium\" alt=\"\" srcset=\"https:\/\/vivesweb.be\/ikleuter\/wp-content\/uploads\/sites\/3\/2015\/05\/bestelboek-300x225.jpg 300w, https:\/\/vivesweb.be\/ikleuter\/wp-content\/uploads\/sites\/3\/2015\/05\/bestelboek.jpg 600w\" sizes=\"auto, (max-width: 300px) 100vw, 300px\" \/><\/a>\n\t\t\t<\/div><\/figure><figure class='gallery-item'>\n\t\t\t<div class='gallery-icon portrait'>\n\t\t\t\t<a href='https:\/\/vivesweb.be\/ikleuter\/wp-content\/uploads\/sites\/3\/2015\/05\/gevuldflesjerollegem.jpg'><img loading=\"lazy\" decoding=\"async\" width=\"225\" height=\"300\" src=\"https:\/\/vivesweb.be\/ikleuter\/wp-content\/uploads\/sites\/3\/2015\/05\/gevuldflesjerollegem-225x300.jpg\" class=\"attachment-medium size-medium\" alt=\"\" srcset=\"https:\/\/vivesweb.be\/ikleuter\/wp-content\/uploads\/sites\/3\/2015\/05\/gevuldflesjerollegem-225x300.jpg 225w, https:\/\/vivesweb.be\/ikleuter\/wp-content\/uploads\/sites\/3\/2015\/05\/gevuldflesjerollegem.jpg 600w\" sizes=\"auto, (max-width: 225px) 100vw, 225px\" \/><\/a>\n\t\t\t<\/div><\/figure><figure class='gallery-item'>\n\t\t\t<div class='gallery-icon landscape'>\n\t\t\t\t<a href='https:\/\/vivesweb.be\/ikleuter\/wp-content\/uploads\/sites\/3\/2015\/05\/herfstwinkel.jpg'><img loading=\"lazy\" decoding=\"async\" width=\"300\" height=\"200\" src=\"https:\/\/vivesweb.be\/ikleuter\/wp-content\/uploads\/sites\/3\/2015\/05\/herfstwinkel-300x200.jpg\" class=\"attachment-medium size-medium\" alt=\"\" srcset=\"https:\/\/vivesweb.be\/ikleuter\/wp-content\/uploads\/sites\/3\/2015\/05\/herfstwinkel-300x200.jpg 300w, https:\/\/vivesweb.be\/ikleuter\/wp-content\/uploads\/sites\/3\/2015\/05\/herfstwinkel.jpg 600w\" sizes=\"auto, (max-width: 300px) 100vw, 300px\" \/><\/a>\n\t\t\t<\/div><\/figure><figure class='gallery-item'>\n\t\t\t<div class='gallery-icon portrait'>\n\t\t\t\t<a href='https:\/\/vivesweb.be\/ikleuter\/wp-content\/uploads\/sites\/3\/2015\/05\/overzichtwinkelhoekinaalb.jpg'><img loading=\"lazy\" decoding=\"async\" width=\"225\" height=\"300\" src=\"https:\/\/vivesweb.be\/ikleuter\/wp-content\/uploads\/sites\/3\/2015\/05\/overzichtwinkelhoekinaalb-225x300.jpg\" class=\"attachment-medium size-medium\" alt=\"\" srcset=\"https:\/\/vivesweb.be\/ikleuter\/wp-content\/uploads\/sites\/3\/2015\/05\/overzichtwinkelhoekinaalb-225x300.jpg 225w, https:\/\/vivesweb.be\/ikleuter\/wp-content\/uploads\/sites\/3\/2015\/05\/overzichtwinkelhoekinaalb.jpg 600w\" sizes=\"auto, (max-width: 225px) 100vw, 225px\" \/><\/a>\n\t\t\t<\/div><\/figure><figure class='gallery-item'>\n\t\t\t<div class='gallery-icon landscape'>\n\t\t\t\t<a href='https:\/\/vivesweb.be\/ikleuter\/wp-content\/uploads\/sites\/3\/2015\/05\/overzichtwinkelzw.jpg'><img loading=\"lazy\" decoding=\"async\" width=\"300\" height=\"225\" src=\"https:\/\/vivesweb.be\/ikleuter\/wp-content\/uploads\/sites\/3\/2015\/05\/overzichtwinkelzw-300x225.jpg\" class=\"attachment-medium size-medium\" alt=\"\" srcset=\"https:\/\/vivesweb.be\/ikleuter\/wp-content\/uploads\/sites\/3\/2015\/05\/overzichtwinkelzw-300x225.jpg 300w, https:\/\/vivesweb.be\/ikleuter\/wp-content\/uploads\/sites\/3\/2015\/05\/overzichtwinkelzw.jpg 600w\" sizes=\"auto, (max-width: 300px) 100vw, 300px\" \/><\/a>\n\t\t\t<\/div><\/figure><figure class='gallery-item'>\n\t\t\t<div class='gallery-icon landscape'>\n\t\t\t\t<a href='https:\/\/vivesweb.be\/ikleuter\/wp-content\/uploads\/sites\/3\/2015\/05\/potjegevuldlerenvoelenvangewichtroll.jpg'><img loading=\"lazy\" decoding=\"async\" width=\"300\" height=\"225\" src=\"https:\/\/vivesweb.be\/ikleuter\/wp-content\/uploads\/sites\/3\/2015\/05\/potjegevuldlerenvoelenvangewichtroll-300x225.jpg\" class=\"attachment-medium size-medium\" alt=\"\" srcset=\"https:\/\/vivesweb.be\/ikleuter\/wp-content\/uploads\/sites\/3\/2015\/05\/potjegevuldlerenvoelenvangewichtroll-300x225.jpg 300w, https:\/\/vivesweb.be\/ikleuter\/wp-content\/uploads\/sites\/3\/2015\/05\/potjegevuldlerenvoelenvangewichtroll.jpg 600w\" sizes=\"auto, (max-width: 300px) 100vw, 300px\" \/><\/a>\n\t\t\t<\/div><\/figure><figure class='gallery-item'>\n\t\t\t<div class='gallery-icon portrait'>\n\t\t\t\t<a href='https:\/\/vivesweb.be\/ikleuter\/wp-content\/uploads\/sites\/3\/2015\/05\/prijsaanduidingoppotjerollegem.jpg'><img loading=\"lazy\" decoding=\"async\" width=\"225\" height=\"300\" src=\"https:\/\/vivesweb.be\/ikleuter\/wp-content\/uploads\/sites\/3\/2015\/05\/prijsaanduidingoppotjerollegem-225x300.jpg\" class=\"attachment-medium size-medium\" alt=\"\" srcset=\"https:\/\/vivesweb.be\/ikleuter\/wp-content\/uploads\/sites\/3\/2015\/05\/prijsaanduidingoppotjerollegem-225x300.jpg 225w, https:\/\/vivesweb.be\/ikleuter\/wp-content\/uploads\/sites\/3\/2015\/05\/prijsaanduidingoppotjerollegem.jpg 600w\" sizes=\"auto, (max-width: 225px) 100vw, 225px\" \/><\/a>\n\t\t\t<\/div><\/figure><figure class='gallery-item'>\n\t\t\t<div class='gallery-icon landscape'>\n\t\t\t\t<a href='https:\/\/vivesweb.be\/ikleuter\/wp-content\/uploads\/sites\/3\/2015\/05\/telefoonrekenmachinebetaalmiddelenaalb.jpg'><img loading=\"lazy\" decoding=\"async\" width=\"300\" height=\"225\" src=\"https:\/\/vivesweb.be\/ikleuter\/wp-content\/uploads\/sites\/3\/2015\/05\/telefoonrekenmachinebetaalmiddelenaalb-300x225.jpg\" class=\"attachment-medium size-medium\" alt=\"\" srcset=\"https:\/\/vivesweb.be\/ikleuter\/wp-content\/uploads\/sites\/3\/2015\/05\/telefoonrekenmachinebetaalmiddelenaalb-300x225.jpg 300w, https:\/\/vivesweb.be\/ikleuter\/wp-content\/uploads\/sites\/3\/2015\/05\/telefoonrekenmachinebetaalmiddelenaalb.jpg 600w\" sizes=\"auto, (max-width: 300px) 100vw, 300px\" \/><\/a>\n\t\t\t<\/div><\/figure><figure class='gallery-item'>\n\t\t\t<div class='gallery-icon portrait'>\n\t\t\t\t<a href='https:\/\/vivesweb.be\/ikleuter\/wp-content\/uploads\/sites\/3\/2015\/05\/wegenmetgewichten.jpg'><img loading=\"lazy\" decoding=\"async\" width=\"225\" height=\"300\" src=\"https:\/\/vivesweb.be\/ikleuter\/wp-content\/uploads\/sites\/3\/2015\/05\/wegenmetgewichten-225x300.jpg\" class=\"attachment-medium size-medium\" alt=\"\" srcset=\"https:\/\/vivesweb.be\/ikleuter\/wp-content\/uploads\/sites\/3\/2015\/05\/wegenmetgewichten-225x300.jpg 225w, https:\/\/vivesweb.be\/ikleuter\/wp-content\/uploads\/sites\/3\/2015\/05\/wegenmetgewichten.jpg 600w\" sizes=\"auto, (max-width: 225px) 100vw, 225px\" \/><\/a>\n\t\t\t<\/div><\/figure><figure class='gallery-item'>\n\t\t\t<div class='gallery-icon landscape'>\n\t\t\t\t<a href='https:\/\/vivesweb.be\/ikleuter\/wp-content\/uploads\/sites\/3\/2015\/05\/winkelhoekoverzichtwinkelwaargevuldroll-1.jpg'><img loading=\"lazy\" decoding=\"async\" width=\"300\" height=\"200\" src=\"https:\/\/vivesweb.be\/ikleuter\/wp-content\/uploads\/sites\/3\/2015\/05\/winkelhoekoverzichtwinkelwaargevuldroll-1-300x200.jpg\" class=\"attachment-medium size-medium\" alt=\"\" srcset=\"https:\/\/vivesweb.be\/ikleuter\/wp-content\/uploads\/sites\/3\/2015\/05\/winkelhoekoverzichtwinkelwaargevuldroll-1-300x200.jpg 300w, https:\/\/vivesweb.be\/ikleuter\/wp-content\/uploads\/sites\/3\/2015\/05\/winkelhoekoverzichtwinkelwaargevuldroll-1.jpg 600w\" sizes=\"auto, (max-width: 300px) 100vw, 300px\" \/><\/a>\n\t\t\t<\/div><\/figure><figure class='gallery-item'>\n\t\t\t<div class='gallery-icon landscape'>\n\t\t\t\t<a href='https:\/\/vivesweb.be\/ikleuter\/wp-content\/uploads\/sites\/3\/2015\/05\/winkelrekkenmetprijsaanduidingaalb.jpg'><img loading=\"lazy\" decoding=\"async\" width=\"300\" height=\"225\" src=\"https:\/\/vivesweb.be\/ikleuter\/wp-content\/uploads\/sites\/3\/2015\/05\/winkelrekkenmetprijsaanduidingaalb-300x225.jpg\" class=\"attachment-medium size-medium\" alt=\"\" srcset=\"https:\/\/vivesweb.be\/ikleuter\/wp-content\/uploads\/sites\/3\/2015\/05\/winkelrekkenmetprijsaanduidingaalb-300x225.jpg 300w, https:\/\/vivesweb.be\/ikleuter\/wp-content\/uploads\/sites\/3\/2015\/05\/winkelrekkenmetprijsaanduidingaalb.jpg 600w\" sizes=\"auto, (max-width: 300px) 100vw, 300px\" \/><\/a>\n\t\t\t<\/div><\/figure><figure class='gallery-item'>\n\t\t\t<div class='gallery-icon landscape'>\n\t\t\t\t<a href='https:\/\/vivesweb.be\/ikleuter\/wp-content\/uploads\/sites\/3\/2015\/05\/winkelwaaraalbeke.jpg'><img loading=\"lazy\" decoding=\"async\" width=\"300\" height=\"225\" src=\"https:\/\/vivesweb.be\/ikleuter\/wp-content\/uploads\/sites\/3\/2015\/05\/winkelwaaraalbeke-300x225.jpg\" class=\"attachment-medium size-medium\" alt=\"\" srcset=\"https:\/\/vivesweb.be\/ikleuter\/wp-content\/uploads\/sites\/3\/2015\/05\/winkelwaaraalbeke-300x225.jpg 300w, https:\/\/vivesweb.be\/ikleuter\/wp-content\/uploads\/sites\/3\/2015\/05\/winkelwaaraalbeke.jpg 600w\" sizes=\"auto, (max-width: 300px) 100vw, 300px\" \/><\/a>\n\t\t\t<\/div><\/figure><figure class='gallery-item'>\n\t\t\t<div class='gallery-icon portrait'>\n\t\t\t\t<a href='https:\/\/vivesweb.be\/ikleuter\/wp-content\/uploads\/sites\/3\/2015\/05\/winkelwaarmetprijsaanduiding.jpg'><img loading=\"lazy\" decoding=\"async\" width=\"225\" height=\"300\" src=\"https:\/\/vivesweb.be\/ikleuter\/wp-content\/uploads\/sites\/3\/2015\/05\/winkelwaarmetprijsaanduiding-225x300.jpg\" class=\"attachment-medium size-medium\" alt=\"\" srcset=\"https:\/\/vivesweb.be\/ikleuter\/wp-content\/uploads\/sites\/3\/2015\/05\/winkelwaarmetprijsaanduiding-225x300.jpg 225w, https:\/\/vivesweb.be\/ikleuter\/wp-content\/uploads\/sites\/3\/2015\/05\/winkelwaarmetprijsaanduiding.jpg 600w\" sizes=\"auto, (max-width: 225px) 100vw, 225px\" \/><\/a>\n\t\t\t<\/div><\/figure><figure class='gallery-item'>\n\t\t\t<div class='gallery-icon portrait'>\n\t\t\t\t<a href='https:\/\/vivesweb.be\/ikleuter\/wp-content\/uploads\/sites\/3\/2015\/05\/winkelwaarprijsgevuldroll.jpg'><img loading=\"lazy\" decoding=\"async\" width=\"225\" height=\"300\" src=\"https:\/\/vivesweb.be\/ikleuter\/wp-content\/uploads\/sites\/3\/2015\/05\/winkelwaarprijsgevuldroll-225x300.jpg\" class=\"attachment-medium size-medium\" alt=\"\" srcset=\"https:\/\/vivesweb.be\/ikleuter\/wp-content\/uploads\/sites\/3\/2015\/05\/winkelwaarprijsgevuldroll-225x300.jpg 225w, https:\/\/vivesweb.be\/ikleuter\/wp-content\/uploads\/sites\/3\/2015\/05\/winkelwaarprijsgevuldroll.jpg 600w\" sizes=\"auto, (max-width: 225px) 100vw, 225px\" \/><\/a>\n\t\t\t<\/div><\/figure><figure class='gallery-item'>\n\t\t\t<div class='gallery-icon landscape'>\n\t\t\t\t<a href='https:\/\/vivesweb.be\/ikleuter\/wp-content\/uploads\/sites\/3\/2015\/05\/winkelwaarzakjesaalb.jpg'><img loading=\"lazy\" decoding=\"async\" width=\"300\" height=\"225\" src=\"https:\/\/vivesweb.be\/ikleuter\/wp-content\/uploads\/sites\/3\/2015\/05\/winkelwaarzakjesaalb-300x225.jpg\" class=\"attachment-medium size-medium\" alt=\"\" srcset=\"https:\/\/vivesweb.be\/ikleuter\/wp-content\/uploads\/sites\/3\/2015\/05\/winkelwaarzakjesaalb-300x225.jpg 300w, https:\/\/vivesweb.be\/ikleuter\/wp-content\/uploads\/sites\/3\/2015\/05\/winkelwaarzakjesaalb.jpg 600w\" sizes=\"auto, (max-width: 300px) 100vw, 300px\" \/><\/a>\n\t\t\t<\/div><\/figure>\n\t\t<\/div>\n\n","protected":false},"excerpt":{"rendered":"<p>\u00a0Zorg voor een winkelrek, gevuld met een reeds ruim (maar overzichtelijk, dus gedoseerd) aanbod aan winkelwaar. Deze winkelwaar pas je, indien mogelijk, aan aan het lopende belangstellingscentrum (speelgoedwinkel, fotozaak, apotheek, kruidenier, supermarkt, kledingwinkel, muziekhandel, hoevewinkel, dieren(assecoire)winkel, een tankstation, een bibliotheek,<\/p>\n","protected":false},"author":21,"featured_media":0,"parent":2283,"menu_order":40,"comment_status":"closed","ping_status":"closed","template":"","meta":{"footnotes":""},"categories":[174],"tags":[],"class_list":["post-2331","page","type-page","status-publish","hentry","category-3e-kleuterklas"],"_links":{"self":[{"href":"https:\/\/vivesweb.be\/ikleuter\/wp-json\/wp\/v2\/pages\/2331","targetHints":{"allow":["GET"]}}],"collection":[{"href":"https:\/\/vivesweb.be\/ikleuter\/wp-json\/wp\/v2\/pages"}],"about":[{"href":"https:\/\/vivesweb.be\/ikleuter\/wp-json\/wp\/v2\/types\/page"}],"author":[{"embeddable":true,"href":"https:\/\/vivesweb.be\/ikleuter\/wp-json\/wp\/v2\/users\/21"}],"replies":[{"embeddable":true,"href":"https:\/\/vivesweb.be\/ikleuter\/wp-json\/wp\/v2\/comments?post=2331"}],"version-history":[{"count":4,"href":"https:\/\/vivesweb.be\/ikleuter\/wp-json\/wp\/v2\/pages\/2331\/revisions"}],"predecessor-version":[{"id":3074,"href":"https:\/\/vivesweb.be\/ikleuter\/wp-json\/wp\/v2\/pages\/2331\/revisions\/3074"}],"up":[{"embeddable":true,"href":"https:\/\/vivesweb.be\/ikleuter\/wp-json\/wp\/v2\/pages\/2283"}],"wp:attachment":[{"href":"https:\/\/vivesweb.be\/ikleuter\/wp-json\/wp\/v2\/media?parent=2331"}],"wp:term":[{"taxonomy":"category","embeddable":true,"href":"https:\/\/vivesweb.be\/ikleuter\/wp-json\/wp\/v2\/categories?post=2331"},{"taxonomy":"post_tag","embeddable":true,"href":"https:\/\/vivesweb.be\/ikleuter\/wp-json\/wp\/v2\/tags?post=2331"}],"curies":[{"name":"wp","href":"https:\/\/api.w.org\/{rel}","templated":true}]}}