{"id":588,"date":"2016-09-16T10:50:53","date_gmt":"2016-09-16T09:50:53","guid":{"rendered":"http:\/\/vivesweb.be\/multimediaindebasisschool\/?page_id=588"},"modified":"2016-09-16T20:10:40","modified_gmt":"2016-09-16T19:10:40","slug":"de-leerling-en-zijn-privegegevens","status":"publish","type":"page","link":"https:\/\/vivesweb.be\/multimediaindebasisschool\/eprivacy\/de-leerling-en-zijn-privegegevens\/","title":{"rendered":"De leerling en zijn priv\u00e9gegevens"},"content":{"rendered":"<p>Spamming, phishing, \u2026 het gebeurt allemaal met \u00e9\u00e9n reden: het willen achterhalen van onze priv\u00e9gegevens. Kinderen (en helaas ook nog veel volwassenen) geven ongemerkt privacygevoelige informatie weg. Dat kan gaan van een telefoonnummer, tot hun e-mailadres, huisadres en foto\u2019s van zichzelf. Dit gebeurt vaak binnen de context van een chatbox of binnen een bepaalde \u2018social media\u2019, zoals Facebook, Twitter of You Tube. Als een kind een profiel aanmaakt, maken ze dit voor vriendjes en niet voor vreemden. Maar vaak vergeten ze dit te beveiligen, zodat iedereen hun profiel kan raadplegen. Zo kunnen bepaalde foto\u2019s misbruikt worden door anderen; bv. de foto wordt bewerkt en doorgestuurd naar anderen (cf. cyberpesten).<\/p>\n<h4><strong>OPDRACHT: <\/strong><strong>Bekijk onderstaand filmpje. Wat is de boodschap?<\/strong><\/h4>\n<p>Bron: <a href=\"http:\/\/www.youtube.com\/watch?v=F7pYHN9iC9I\">http:\/\/www.youtube.com\/watch?v=F7pYHN9iC9I<\/a><\/p>\n<p>Hoe kun je als leerkracht ervoor zorgen dat jouw leerlingen hun priv\u00e9gegevens niet zomaar te grabbel gooien? Da\u2019s niet makkelijk, want jonge kinderen zijn meestal erg argeloos.<\/p>\n<p>Enkele <strong>tips die je jouw leerlingen moet meegeven <\/strong>(en uiteraard zelf ook moet toepassen):<\/p>\n<ul>\n<li>Geef aan dat je ook een verzonnen naam (nickname) kan gebruiken tijdens het chatten.<\/li>\n<li>Gebruik de metafoor van de krant: zou je een bepaalde foto van jezelf op de voorpagina van de krant zetten?<\/li>\n<li>Of vraag: zou je een vreemde op straat vertellen waar je woont, je telefoonnummer en je foto meegeven? Zou je hem vertellen in welke sportclub je zit, hoe je ouders heten, naar welke school je gaat, wat de bankcode is van hun ouders ? Via deze informatie ben je namelijk traceerbaar.<\/li>\n<li>Laat leerlingen hun naam eens intikken in een zoekrobot. Staan jouw gegevens op bepaalde websites?<\/li>\n<li>Laat ze een tweede e-mailadres aanmaken, om bijvoorbeeld aan wedstrijden deel te nemen of om log-ins aan te maken.<\/li>\n<li>Gebruik de webcam nooit bij een onbekende. Je weet niet wat de andere doet met de beelden of wat de ander van je wil. Op het internet kan iedereen zich anders voordoen, een volwassen chatter kan zich bv. als kind voordoen.<\/li>\n<li>Bij gebruik van de webcam mag je ook nooit jouw naakte lichaam of een onderdeel ervan tonen, ook niet als je smoorverliefd bent, ook niet als je de persoon goed kent. Indien zo\u2019n foto of filmpje gemaakt wordt en dit naar iemand verstuurd wordt, noemen we dat \u2018sexting\u2019. Een voorbeeld, Lotte getuigt: \u2018<em>Op onze school heeft een jongen foto\u2019s van zijn piemel gemaakt en die als grap naar zijn vriend verzonden. Die foto\u2019s gaan nu de school rond, al een half jaar lang. De leerkrachten weten het niet. Die jongen wordt enorm gepest, iedereen roept steeds dat hij zo\u2019n klein piemeltje heeft. Tja, hij had maar niet zo stom moeten zijn<\/em>\u2019 (Slegers, 2012).<\/li>\n<li>Neem ook nooit webcam-beelden op. Het is in strijd met de wet op de privacy.<\/li>\n<li>Maak nooit een afspraakje, date nooit zonder ouders of vriendjes erbij te betrekken!<\/li>\n<li>Een wachtwoord is 100% geheim, verklap het nooit aan je liefje, vrienden, broer of zus.<\/li>\n<li>Een wachtwoord vergeet je vlug, maar schrijf het nergens op. Verklap het aan jouw ouders of leerkracht, maar aan niemand anders. Zorg ervoor dat je wachtwoord bestaat uit een woord, een getal en sluit af met een vraagteken of uitroepingsteken.<\/li>\n<li>Elke intimidatie moet je melden aan de beheerder van de site of aan een ouder of leraar (Vlaamse Overheid, 2007).<\/li>\n<\/ul>\n","protected":false},"excerpt":{"rendered":"<p>Spamming, phishing, \u2026 het gebeurt allemaal met \u00e9\u00e9n reden: het willen achterhalen van onze priv\u00e9gegevens. Kinderen (en helaas ook nog veel volwassenen) geven ongemerkt privacygevoelige informatie weg. Dat kan gaan van een telefoonnummer, tot hun e-mailadres, huisadres en foto\u2019s van zichzelf. Dit gebeurt vaak binnen de context van een chatbox of binnen een bepaalde \u2018social <a href=\"https:\/\/vivesweb.be\/multimediaindebasisschool\/eprivacy\/de-leerling-en-zijn-privegegevens\/\" rel=\"nofollow\"><span class=\"sr-only\">Lees meer overDe leerling en zijn priv\u00e9gegevens<\/span>[&hellip;]<\/a><\/p>\n","protected":false},"author":33,"featured_media":0,"parent":112,"menu_order":2,"comment_status":"closed","ping_status":"closed","template":"","meta":{"footnotes":""},"categories":[15,5],"tags":[],"class_list":["post-588","page","type-page","status-publish","hentry","category-hoofdstuk-2-3-eprivacy","category-les-2-mediawijs-das-wijs"],"_links":{"self":[{"href":"https:\/\/vivesweb.be\/multimediaindebasisschool\/wp-json\/wp\/v2\/pages\/588","targetHints":{"allow":["GET"]}}],"collection":[{"href":"https:\/\/vivesweb.be\/multimediaindebasisschool\/wp-json\/wp\/v2\/pages"}],"about":[{"href":"https:\/\/vivesweb.be\/multimediaindebasisschool\/wp-json\/wp\/v2\/types\/page"}],"author":[{"embeddable":true,"href":"https:\/\/vivesweb.be\/multimediaindebasisschool\/wp-json\/wp\/v2\/users\/33"}],"replies":[{"embeddable":true,"href":"https:\/\/vivesweb.be\/multimediaindebasisschool\/wp-json\/wp\/v2\/comments?post=588"}],"version-history":[{"count":1,"href":"https:\/\/vivesweb.be\/multimediaindebasisschool\/wp-json\/wp\/v2\/pages\/588\/revisions"}],"predecessor-version":[{"id":589,"href":"https:\/\/vivesweb.be\/multimediaindebasisschool\/wp-json\/wp\/v2\/pages\/588\/revisions\/589"}],"up":[{"embeddable":true,"href":"https:\/\/vivesweb.be\/multimediaindebasisschool\/wp-json\/wp\/v2\/pages\/112"}],"wp:attachment":[{"href":"https:\/\/vivesweb.be\/multimediaindebasisschool\/wp-json\/wp\/v2\/media?parent=588"}],"wp:term":[{"taxonomy":"category","embeddable":true,"href":"https:\/\/vivesweb.be\/multimediaindebasisschool\/wp-json\/wp\/v2\/categories?post=588"},{"taxonomy":"post_tag","embeddable":true,"href":"https:\/\/vivesweb.be\/multimediaindebasisschool\/wp-json\/wp\/v2\/tags?post=588"}],"curies":[{"name":"wp","href":"https:\/\/api.w.org\/{rel}","templated":true}]}}