{"id":31,"date":"2022-11-23T14:47:45","date_gmt":"2022-11-23T14:47:45","guid":{"rendered":"https:\/\/vivesweb.be\/schrijvenopschoolin1b\/?page_id=31"},"modified":"2023-05-22T09:14:40","modified_gmt":"2023-05-22T09:14:40","slug":"contact","status":"publish","type":"page","link":"https:\/\/vivesweb.be\/schrijvenopschoolin1b\/contact\/","title":{"rendered":"Contact"},"content":{"rendered":"\n<p>Wil je meer weten over ons schrijfproject of heb je interesse om het zelf te gebruiken? Neem dan contact op met \u00e9\u00e9n van onderstaande personen. <\/p>\n\n\n\n<p><a href=\"mailto:liesbeth.ghesquiere@vives.be\" data-type=\"mailto\" data-id=\"mailto: liesbeth.ghesquiere@vives.be\">Liesbeth Ghesqui\u00e8re<\/a><\/p>\n\n\n\n<p><a href=\"mailto:stephan.fiers@vives.be\" data-type=\"mailto\" data-id=\"mailto: stephan.fiers@vives.be\">Stephan Fiers<\/a><\/p>\n","protected":false},"excerpt":{"rendered":"<p>Wil je meer weten over ons schrijfproject of heb je interesse om het zelf te gebruiken? Neem dan contact op met \u00e9\u00e9n van onderstaande personen. Liesbeth Ghesqui\u00e8re Stephan Fiers<\/p>\n","protected":false},"author":1011,"featured_media":0,"parent":0,"menu_order":0,"comment_status":"closed","ping_status":"closed","template":"","meta":{"footnotes":""},"categories":[],"tags":[],"class_list":["post-31","page","type-page","status-publish","hentry"],"_links":{"self":[{"href":"https:\/\/vivesweb.be\/schrijvenopschoolin1b\/wp-json\/wp\/v2\/pages\/31","targetHints":{"allow":["GET"]}}],"collection":[{"href":"https:\/\/vivesweb.be\/schrijvenopschoolin1b\/wp-json\/wp\/v2\/pages"}],"about":[{"href":"https:\/\/vivesweb.be\/schrijvenopschoolin1b\/wp-json\/wp\/v2\/types\/page"}],"author":[{"embeddable":true,"href":"https:\/\/vivesweb.be\/schrijvenopschoolin1b\/wp-json\/wp\/v2\/users\/1011"}],"replies":[{"embeddable":true,"href":"https:\/\/vivesweb.be\/schrijvenopschoolin1b\/wp-json\/wp\/v2\/comments?post=31"}],"version-history":[{"count":3,"href":"https:\/\/vivesweb.be\/schrijvenopschoolin1b\/wp-json\/wp\/v2\/pages\/31\/revisions"}],"predecessor-version":[{"id":305,"href":"https:\/\/vivesweb.be\/schrijvenopschoolin1b\/wp-json\/wp\/v2\/pages\/31\/revisions\/305"}],"wp:attachment":[{"href":"https:\/\/vivesweb.be\/schrijvenopschoolin1b\/wp-json\/wp\/v2\/media?parent=31"}],"wp:term":[{"taxonomy":"category","embeddable":true,"href":"https:\/\/vivesweb.be\/schrijvenopschoolin1b\/wp-json\/wp\/v2\/categories?post=31"},{"taxonomy":"post_tag","embeddable":true,"href":"https:\/\/vivesweb.be\/schrijvenopschoolin1b\/wp-json\/wp\/v2\/tags?post=31"}],"curies":[{"name":"wp","href":"https:\/\/api.w.org\/{rel}","templated":true}]}}