{"id":35,"date":"2023-09-20T10:07:18","date_gmt":"2023-09-20T10:07:18","guid":{"rendered":"https:\/\/vivesweb.be\/tasc\/?page_id=35"},"modified":"2026-01-07T15:03:14","modified_gmt":"2026-01-07T15:03:14","slug":"our-team","status":"publish","type":"page","link":"https:\/\/vivesweb.be\/tasc\/our-team\/","title":{"rendered":"Our team"},"content":{"rendered":"<div class=\"is-default-size wp-block-site-logo\"><a href=\"https:\/\/vivesweb.be\/tasc\/\" class=\"custom-logo-link\" rel=\"home\"><img loading=\"lazy\" decoding=\"async\" width=\"2436\" height=\"1200\" src=\"https:\/\/vivesweb.be\/tasc\/wp-content\/uploads\/sites\/158\/2023\/10\/tasc-logo-eu-logo-vertical-25102023-REVISED.png\" class=\"custom-logo\" alt=\"TASC\" srcset=\"https:\/\/vivesweb.be\/tasc\/wp-content\/uploads\/sites\/158\/2023\/10\/tasc-logo-eu-logo-vertical-25102023-REVISED.png 2436w, https:\/\/vivesweb.be\/tasc\/wp-content\/uploads\/sites\/158\/2023\/10\/tasc-logo-eu-logo-vertical-25102023-REVISED-300x148.png 300w, https:\/\/vivesweb.be\/tasc\/wp-content\/uploads\/sites\/158\/2023\/10\/tasc-logo-eu-logo-vertical-25102023-REVISED-1024x504.png 1024w, https:\/\/vivesweb.be\/tasc\/wp-content\/uploads\/sites\/158\/2023\/10\/tasc-logo-eu-logo-vertical-25102023-REVISED-768x378.png 768w, https:\/\/vivesweb.be\/tasc\/wp-content\/uploads\/sites\/158\/2023\/10\/tasc-logo-eu-logo-vertical-25102023-REVISED-1536x757.png 1536w, https:\/\/vivesweb.be\/tasc\/wp-content\/uploads\/sites\/158\/2023\/10\/tasc-logo-eu-logo-vertical-25102023-REVISED-2048x1009.png 2048w\" sizes=\"auto, (max-width: 2436px) 100vw, 2436px\" \/><\/a><\/div>\n\n\n<p>Please meet our team here! <\/p>\n\n\n\n<p>Click on each name to meet the people involved in the TASC-consortium. <\/p>\n\n\n\n<div class=\"wp-block-media-text is-stacked-on-mobile\" style=\"grid-template-columns:44% auto\"><figure class=\"wp-block-media-text__media\"><img loading=\"lazy\" decoding=\"async\" width=\"1024\" height=\"331\" src=\"https:\/\/vivesweb.be\/tasc\/wp-content\/uploads\/sites\/158\/2023\/10\/VIVESLogoEnglish-1024x331.png\" alt=\"\" class=\"wp-image-98 size-full\" \/><\/figure><div class=\"wp-block-media-text__content\">\n<p><strong><a href=\"https:\/\/www.vives.be\/en\/education\" data-type=\"link\" data-id=\"https:\/\/vivesweb.be\/tasc\/our-team-vives-university-of-applied-sciences\/\">VIVES University of applied sciences (Belgium)<\/a><\/strong><\/p>\n\n\n\n<ul class=\"wp-block-list\">\n<li><a href=\"https:\/\/vivesweb.be\/tasc\/vives-nele-mestdagh\/\" data-type=\"link\" data-id=\"https:\/\/vivesweb.be\/tasc\/vives-nele-mestdagh\/\">Nele Mestdagh<\/a><\/li>\n\n\n\n<li><a href=\"https:\/\/vivesweb.be\/tasc\/vives-els-callens\/\" data-type=\"link\" data-id=\"https:\/\/vivesweb.be\/tasc\/wp-admin\/post.php?post=354&amp;action=edit\">Els Callens<\/a><\/li>\n\n\n\n<li><a href=\"https:\/\/vivesweb.be\/tasc\/vives-justine-pillaert\/\">Justine Pillaert<\/a><\/li>\n\n\n\n<li><a href=\"https:\/\/vivesweb.be\/tasc\/vives-celine-devos\/\" data-type=\"page\" data-id=\"705\">Celine De Vos<\/a><\/li>\n\n\n\n<li><a href=\"https:\/\/vivesweb.be\/tasc\/vives-elien-de-smet\/\">Elien De Smet<\/a><\/li>\n\n\n\n<li><a href=\"https:\/\/vivesweb.be\/tasc\/vives-tine-vandenberghe\/\">Tine Vandenberghe<\/a><\/li>\n<\/ul>\n<\/div><\/div>\n\n\n\n<div class=\"wp-block-media-text has-media-on-the-right is-stacked-on-mobile\" style=\"grid-template-columns:auto 38%\"><div class=\"wp-block-media-text__content\">\n<p><strong><a href=\"https:\/\/www.ph-ludwigsburg.de\/en\/\">PH Ludwigsburg University of Education (Germany)<\/a><\/strong><\/p>\n\n\n\n<ul class=\"wp-block-list\">\n<li><a href=\"https:\/\/vivesweb.be\/tasc\/ph-ludwigsburg-anselm-bohmer\/\" data-type=\"page\" data-id=\"639\">Anselm B\u00f6hmer<\/a><\/li>\n\n\n\n<li><a href=\"https:\/\/vivesweb.be\/tasc\/ph-ludwigsburg-illie-bild\/\" data-type=\"page\" data-id=\"616\">Illie Isso<\/a><\/li>\n<\/ul>\n<\/div><figure class=\"wp-block-media-text__media\"><img loading=\"lazy\" decoding=\"async\" width=\"1024\" height=\"396\" src=\"https:\/\/vivesweb.be\/tasc\/wp-content\/uploads\/sites\/158\/2023\/10\/PHL_Logo-1024x396.png\" alt=\"\" class=\"wp-image-95 size-full\" \/><\/figure><\/div>\n\n\n\n<div class=\"wp-block-media-text is-stacked-on-mobile\" style=\"grid-template-columns:15% auto\"><figure class=\"wp-block-media-text__media\"><img loading=\"lazy\" decoding=\"async\" width=\"140\" height=\"179\" src=\"https:\/\/vivesweb.be\/tasc\/wp-content\/uploads\/sites\/158\/2023\/10\/Eekhout-Academy-logo-e1696339402336.png\" alt=\"\" class=\"wp-image-99 size-full\" \/><\/figure><div class=\"wp-block-media-text__content\">\n<p><strong><a href=\"https:\/\/home.eekhoutacademy.be\/\">Eekhout Academy (Belgium) <\/a><\/strong><\/p>\n\n\n\n<ul class=\"wp-block-list\">\n<li><a href=\"https:\/\/vivesweb.be\/tasc\/eekhout-academy-wim-simoens\/\" data-type=\"link\" data-id=\"https:\/\/vivesweb.be\/tasc\/eekhout-academy-wim-simoens\/\">Wim Simoens<\/a><\/li>\n\n\n\n<li><a href=\"https:\/\/vivesweb.be\/tasc\/eekhout-academy-christophe-vandenberghe\/\" data-type=\"link\" data-id=\"https:\/\/vivesweb.be\/tasc\/eekhout-academy-christophe-vandenberghe\/\">Christophe Vandenberghe<\/a><\/li>\n\n\n\n<li><a href=\"https:\/\/vivesweb.be\/tasc\/eekhout-academy-laura-deschuymer\/\" data-type=\"link\" data-id=\"https:\/\/vivesweb.be\/tasc\/eekhout-academy-laura-deschuymer\/\">Laura Deschuymer<\/a><\/li>\n<\/ul>\n<\/div><\/div>\n\n\n\n<div class=\"wp-block-media-text has-media-on-the-right is-stacked-on-mobile\" style=\"grid-template-columns:auto 21%\"><div class=\"wp-block-media-text__content\">\n<p><strong><a href=\"https:\/\/merakiprojectes.eu\/en\/home\/\">Associacio Meraki Projectes de Valencia (Spain)<\/a><\/strong><\/p>\n\n\n\n<ul class=\"wp-block-list\">\n<li><a href=\"https:\/\/vivesweb.be\/tasc\/associacio-meraki-projectes-de-valencia\/\" data-type=\"link\" data-id=\"https:\/\/vivesweb.be\/tasc\/associacio-meraki-projectes-de-valencia\/\">Aiofe Gleeson<\/a><\/li>\n\n\n\n<li><a href=\"https:\/\/vivesweb.be\/tasc\/associacio-meraki-projectes-de-valencia-2\/\">Hermelando Ferrando<\/a><\/li>\n\n\n\n<li><a href=\"https:\/\/vivesweb.be\/tasc\/associacio-meraki-projectes-de-valencia-3\/\">Laura Uixera-Cotana<\/a><\/li>\n<\/ul>\n<\/div><figure class=\"wp-block-media-text__media\"><img loading=\"lazy\" decoding=\"async\" width=\"200\" height=\"150\" src=\"https:\/\/vivesweb.be\/tasc\/wp-content\/uploads\/sites\/158\/2023\/10\/8-1.png\" alt=\"\" class=\"wp-image-267 size-full\" \/><\/figure><\/div>\n\n\n\n<div class=\"wp-block-media-text is-stacked-on-mobile\" style=\"grid-template-columns:32% auto\"><figure class=\"wp-block-media-text__media\"><img loading=\"lazy\" decoding=\"async\" width=\"250\" height=\"105\" src=\"https:\/\/vivesweb.be\/tasc\/wp-content\/uploads\/sites\/158\/2023\/10\/LOGOTIPO-CCAA-REGION-DE-MURCIA-e1696339718772.jpg\" alt=\"\" class=\"wp-image-105 size-full\" \/><\/figure><div class=\"wp-block-media-text__content\">\n<p><strong><a href=\"https:\/\/www.educarm.es\/home\">Region de Murcia (Spain)<\/a><\/strong><\/p>\n\n\n\n<ul class=\"wp-block-list\">\n<li><a href=\"https:\/\/vivesweb.be\/tasc\/region-de-murcia\/\" data-type=\"link\" data-id=\"https:\/\/vivesweb.be\/tasc\/region-de-murcia\/\">Juan Garcia Iborra<\/a><\/li>\n\n\n\n<li><a href=\"https:\/\/vivesweb.be\/tasc\/region-de-murcia-juan-antonio-molina-galvez\/\" data-type=\"page\" data-id=\"619\">Juan-Antonio Molina G\u00e0lvez<\/a><\/li>\n\n\n\n<li><a href=\"https:\/\/vivesweb.be\/tasc\/alfonso-mayordomo\/\" data-type=\"page\" data-id=\"784\">Alfonso Mayordomo Mar\u00edn<\/a><\/li>\n\n\n\n<li><a href=\"https:\/\/vivesweb.be\/tasc\/monica-ochando-martinez\/\" data-type=\"page\" data-id=\"710\">Monica Ochando Martinez<\/a><\/li>\n<\/ul>\n<\/div><\/div>\n\n\n\n<div class=\"wp-block-media-text has-media-on-the-right is-stacked-on-mobile\" style=\"grid-template-columns:auto 31%\"><div class=\"wp-block-media-text__content\">\n<p><a href=\"https:\/\/en.viko.lt\/\"><strong>Vilniaus Kolegija (Lithuania)<\/strong><\/a><\/p>\n\n\n\n<ul class=\"wp-block-list\">\n<li><a href=\"https:\/\/vivesweb.be\/tasc\/2024\/03\/13\/vilniaus-kolegija-lithuania\/\">Alina Martinkute-Vorobej<\/a><\/li>\n\n\n\n<li><a href=\"https:\/\/vivesweb.be\/tasc\/2024\/03\/14\/viki-vilniaus-kolegija\/\" data-type=\"post\" data-id=\"425\">Au\u0161ra Simoniuk\u0161tyt\u0117<\/a><\/li>\n\n\n\n<li><a href=\"https:\/\/vivesweb.be\/tasc\/viko-vaidotas-valantiejus\/\" data-type=\"page\" data-id=\"624\">Vaidotas Valantiejus<\/a><\/li>\n\n\n\n<li><a href=\"https:\/\/vivesweb.be\/tasc\/viko-gabriele-kizyte\/\" data-type=\"page\" data-id=\"628\">Gabriel\u00e9 Kizyt\u00e9<\/a><\/li>\n<\/ul>\n<\/div><figure class=\"wp-block-media-text__media\"><img loading=\"lazy\" decoding=\"async\" width=\"250\" height=\"124\" src=\"https:\/\/vivesweb.be\/tasc\/wp-content\/uploads\/sites\/158\/2023\/10\/logo-blue-lt-e1696340074178.png\" alt=\"\" class=\"wp-image-113 size-full\" \/><\/figure><\/div>\n\n\n\n<div class=\"wp-block-media-text is-stacked-on-mobile\" style=\"grid-template-columns:43% auto\"><figure class=\"wp-block-media-text__media\"><img loading=\"lazy\" decoding=\"async\" width=\"1024\" height=\"260\" src=\"https:\/\/vivesweb.be\/tasc\/wp-content\/uploads\/sites\/158\/2023\/10\/Logo-Almadaforma-1024x260.jpg\" alt=\"\" class=\"wp-image-101 size-full\" srcset=\"https:\/\/vivesweb.be\/tasc\/wp-content\/uploads\/sites\/158\/2023\/10\/Logo-Almadaforma-1024x260.jpg 1024w, https:\/\/vivesweb.be\/tasc\/wp-content\/uploads\/sites\/158\/2023\/10\/Logo-Almadaforma-300x76.jpg 300w, https:\/\/vivesweb.be\/tasc\/wp-content\/uploads\/sites\/158\/2023\/10\/Logo-Almadaforma-768x195.jpg 768w, https:\/\/vivesweb.be\/tasc\/wp-content\/uploads\/sites\/158\/2023\/10\/Logo-Almadaforma-1536x391.jpg 1536w, https:\/\/vivesweb.be\/tasc\/wp-content\/uploads\/sites\/158\/2023\/10\/Logo-Almadaforma.jpg 1600w\" sizes=\"auto, (max-width: 1024px) 100vw, 1024px\" \/><\/figure><div class=\"wp-block-media-text__content\">\n<p><strong><a href=\"https:\/\/www.aecaparica.pt\/\">Agrupamento de Escolas da Caparica (Portugal)<\/a><\/strong><\/p>\n\n\n\n<ul class=\"wp-block-list\">\n<li><a href=\"https:\/\/vivesweb.be\/tasc\/almadaforma-ana-paula-silva\/\" data-type=\"page\" data-id=\"642\">Ana Paula Silva<\/a><\/li>\n\n\n\n<li><a href=\"https:\/\/vivesweb.be\/tasc\/almadaforma-jose-diogo\/\" data-type=\"page\" data-id=\"645\">Jos\u00e9 Diogo<\/a><\/li>\n\n\n\n<li><a href=\"https:\/\/vivesweb.be\/tasc\/almadaforma-rui-baltazar\/\" data-type=\"page\" data-id=\"648\">Rui Baltazar<\/a><\/li>\n\n\n\n<li><a href=\"https:\/\/vivesweb.be\/tasc\/almadaforma-maria-de-fatima-de-sousa-pires\/\" data-type=\"page\" data-id=\"651\">F\u00e1tima Pires<\/a><\/li>\n\n\n\n<li><a href=\"https:\/\/vivesweb.be\/tasc\/almadaforma-teresa-pombo\/\">Teresa Pombo<\/a><\/li>\n\n\n\n<li><a href=\"https:\/\/vivesweb.be\/tasc\/almadaforma-marta-espirito-santo\/\">Marta Morais Espirito Santo<\/a><\/li>\n<\/ul>\n<\/div><\/div>\n\n\n\n<div class=\"wp-block-media-text has-media-on-the-right is-stacked-on-mobile\" style=\"grid-template-columns:auto 27%\"><div class=\"wp-block-media-text__content\">\n<p><strong><a href=\"http:\/\/scoala30tm.weebly.com\/\">Scoala Gimnaziala nr. 30 (Romania)<\/a><\/strong><\/p>\n\n\n\n<ul class=\"wp-block-list\">\n<li><a href=\"https:\/\/vivesweb.be\/tasc\/scoala-gimnaziala-30-crina-maria-rusu\/\" data-type=\"page\" data-id=\"656\">Crina Maria Rusu<\/a><\/li>\n\n\n\n<li><a href=\"https:\/\/vivesweb.be\/tasc\/scoala-gimnaziala-30-diana-maria-cioca\/\" data-type=\"page\" data-id=\"713\">Diana Maria Cioca<\/a><\/li>\n\n\n\n<li><a href=\"https:\/\/vivesweb.be\/tasc\/scoala-gimnaziala-30-mirela-scortescu\/\" data-type=\"page\" data-id=\"717\">Mirela Scor\u021bescu<\/a><\/li>\n<\/ul>\n<\/div><figure class=\"wp-block-media-text__media\"><img loading=\"lazy\" decoding=\"async\" width=\"200\" height=\"150\" src=\"https:\/\/vivesweb.be\/tasc\/wp-content\/uploads\/sites\/158\/2023\/10\/12.png\" alt=\"\" class=\"wp-image-260 size-full\" \/><\/figure><\/div>\n\n\n\n<div class=\"wp-block-media-text is-stacked-on-mobile\" style=\"grid-template-columns:38% auto\"><figure class=\"wp-block-media-text__media\"><img loading=\"lazy\" decoding=\"async\" width=\"1024\" height=\"519\" src=\"https:\/\/vivesweb.be\/tasc\/wp-content\/uploads\/sites\/158\/2023\/10\/Logo_UBB-1024x519.png\" alt=\"\" class=\"wp-image-104 size-full\" \/><\/figure><div class=\"wp-block-media-text__content\">\n<p><strong><a href=\"https:\/\/www.ubbcluj.ro\/en\/\">Universitatea Babes Bolyai (Romania)<\/a><\/strong><\/p>\n\n\n\n<ul class=\"wp-block-list\">\n<li><a href=\"https:\/\/vivesweb.be\/tasc\/universitatea-babes-bolyai-delia-muste\/\" data-type=\"page\" data-id=\"721\">Delia Muste<\/a><\/li>\n\n\n\n<li><a href=\"https:\/\/vivesweb.be\/tasc\/universitatea-babes-bolyai-mirona-stanescu\/\" data-type=\"page\" data-id=\"724\">Mirona Stanescu<\/a><\/li>\n\n\n\n<li><a href=\"https:\/\/vivesweb.be\/tasc\/universitatea-babes-bolyai-daniel-c-andronache\/\" data-type=\"page\" data-id=\"728\">Daniel Adronache<\/a><\/li>\n<\/ul>\n<\/div><\/div>\n\n\n\n<div class=\"wp-block-media-text has-media-on-the-right is-stacked-on-mobile\" style=\"grid-template-columns:auto 27%\"><div class=\"wp-block-media-text__content\">\n<p><strong><a href=\"https:\/\/www.uvt.ro\/en\/#\">Universitatea De Vest Din Timisoara (Romania) <\/a><\/strong><\/p>\n\n\n\n<ul class=\"wp-block-list\">\n<li><a href=\"https:\/\/vivesweb.be\/tasc\/universitatea-de-vest-din-ioana-darjan\/\" data-type=\"page\" data-id=\"732\">Ioana Darjan<\/a><\/li>\n\n\n\n<li><a href=\"https:\/\/vivesweb.be\/tasc\/universitatea-de-vest-din-mihai-predescu\/\" data-type=\"page\" data-id=\"735\">Mihai Predescu<\/a><\/li>\n<\/ul>\n<\/div><figure class=\"wp-block-media-text__media\"><img loading=\"lazy\" decoding=\"async\" width=\"200\" height=\"150\" src=\"https:\/\/vivesweb.be\/tasc\/wp-content\/uploads\/sites\/158\/2023\/10\/4.png\" alt=\"\" class=\"wp-image-249 size-full\" \/><\/figure><\/div>\n\n\n\n<div class=\"wp-block-media-text is-stacked-on-mobile\" style=\"grid-template-columns:39% auto\"><figure class=\"wp-block-media-text__media\"><img loading=\"lazy\" decoding=\"async\" width=\"1024\" height=\"470\" src=\"https:\/\/vivesweb.be\/tasc\/wp-content\/uploads\/sites\/158\/2023\/10\/SEMRIN-LOGO-2-1024x470.jpg\" alt=\"\" class=\"wp-image-97 size-full\" \/><\/figure><div class=\"wp-block-media-text__content\">\n<p><strong><a href=\"https:\/\/semrin.org\/\">Semrin (Turkey)<\/a><\/strong><\/p>\n\n\n\n<ul class=\"wp-block-list\">\n<li><a href=\"https:\/\/vivesweb.be\/tasc\/semrin-altan-dizdar\/\" data-type=\"page\" data-id=\"739\">Altan Dizdar<\/a><\/li>\n\n\n\n<li><a href=\"https:\/\/vivesweb.be\/tasc\/semrin-sema-dal\/\" data-type=\"page\" data-id=\"742\">Sema Dal<\/a><\/li>\n\n\n\n<li><a href=\"https:\/\/vivesweb.be\/tasc\/semrin-engin-kizilcan\/\" data-type=\"page\" data-id=\"687\">Engin K\u0131z\u0131lcan<\/a><\/li>\n<\/ul>\n<\/div><\/div>\n\n\n\n<div class=\"wp-block-media-text has-media-on-the-right is-stacked-on-mobile\" style=\"grid-template-columns:auto 35%\"><div class=\"wp-block-media-text__content\">\n<p><strong><a href=\"https:\/\/www.baskabirokulmumkun.org\/about-us\/\">Baska Bir Okul Mumkun Dernegi (Turkey)<\/a><\/strong><\/p>\n\n\n\n<ul class=\"wp-block-list\">\n<li><a href=\"https:\/\/vivesweb.be\/tasc\/baska-bir-okul-mumkun-dernegi-feyza-eyikul\/\" data-type=\"page\" data-id=\"746\">Feyza Eyikul<\/a><\/li>\n\n\n\n<li><a href=\"https:\/\/vivesweb.be\/tasc\/baska-bir-okul-mumkun-dernegi-burak-ulman\/\" data-type=\"page\" data-id=\"750\">Burak Ulman<\/a><\/li>\n\n\n\n<li><a href=\"https:\/\/vivesweb.be\/tasc\/baska-bir-okul-mumkun-dernegi-ceyda-kiymir\/\" data-type=\"page\" data-id=\"752\">Ceyda Kiymir<\/a><\/li>\n\n\n\n<li><a href=\"https:\/\/vivesweb.be\/tasc\/baska-bir-okul-mumkun-dernegi-kamile-bayazit\/\" data-type=\"page\" data-id=\"755\">Kamile Bayaz\u0131t<\/a><\/li>\n<\/ul>\n<\/div><figure class=\"wp-block-media-text__media\"><img loading=\"lazy\" decoding=\"async\" width=\"1024\" height=\"566\" src=\"https:\/\/vivesweb.be\/tasc\/wp-content\/uploads\/sites\/158\/2023\/10\/LogoBBOMTKASIP-1024x566.png\" alt=\"\" class=\"wp-image-168 size-full\" \/><\/figure><\/div>\n\n\n\n<div style=\"height:100px\" aria-hidden=\"true\" class=\"wp-block-spacer\"><\/div>\n","protected":false},"excerpt":{"rendered":"<p>Please meet our team here! Click on each name to meet the people involved in the TASC-consortium.<\/p>\n","protected":false},"author":569,"featured_media":0,"parent":0,"menu_order":0,"comment_status":"closed","ping_status":"closed","template":"","meta":{"footnotes":""},"categories":[],"tags":[],"class_list":["post-35","page","type-page","status-publish","hentry"],"_links":{"self":[{"href":"https:\/\/vivesweb.be\/tasc\/wp-json\/wp\/v2\/pages\/35","targetHints":{"allow":["GET"]}}],"collection":[{"href":"https:\/\/vivesweb.be\/tasc\/wp-json\/wp\/v2\/pages"}],"about":[{"href":"https:\/\/vivesweb.be\/tasc\/wp-json\/wp\/v2\/types\/page"}],"author":[{"embeddable":true,"href":"https:\/\/vivesweb.be\/tasc\/wp-json\/wp\/v2\/users\/569"}],"replies":[{"embeddable":true,"href":"https:\/\/vivesweb.be\/tasc\/wp-json\/wp\/v2\/comments?post=35"}],"version-history":[{"count":48,"href":"https:\/\/vivesweb.be\/tasc\/wp-json\/wp\/v2\/pages\/35\/revisions"}],"predecessor-version":[{"id":952,"href":"https:\/\/vivesweb.be\/tasc\/wp-json\/wp\/v2\/pages\/35\/revisions\/952"}],"wp:attachment":[{"href":"https:\/\/vivesweb.be\/tasc\/wp-json\/wp\/v2\/media?parent=35"}],"wp:term":[{"taxonomy":"category","embeddable":true,"href":"https:\/\/vivesweb.be\/tasc\/wp-json\/wp\/v2\/categories?post=35"},{"taxonomy":"post_tag","embeddable":true,"href":"https:\/\/vivesweb.be\/tasc\/wp-json\/wp\/v2\/tags?post=35"}],"curies":[{"name":"wp","href":"https:\/\/api.w.org\/{rel}","templated":true}]}}