{"id":125,"date":"2016-04-21T16:20:08","date_gmt":"2016-04-21T14:20:08","guid":{"rendered":"http:\/\/vivesweb.be\/totaleknieprothese\/?page_id=125"},"modified":"2016-04-26T17:30:08","modified_gmt":"2016-04-26T15:30:08","slug":"kamer-orthopedie","status":"publish","type":"page","link":"https:\/\/vivesweb.be\/totaleknieprothese\/kamer-orthopedie\/","title":{"rendered":""},"content":{"rendered":"<h3><span style=\"color: #e82e2e\"><em>4.3 De kamer<\/em><\/span><\/h3>\n<p>U kunt kiezen uit een \u00e9\u00e9npersoons- of tweepersoonskamer.<\/p>\n<p><strong>! <\/strong>Er kunnen supplementen aangerekend worden wanneer u kiest voor een \u00e9\u00e9npersoonskamer. Uw kamerkeuze kunt u doorgeven aan de administratieve opnamedienst.<\/p>\n<p><img loading=\"lazy\" decoding=\"async\" class=\"alignnone size-full wp-image-132\" src=\"https:\/\/vivesweb.be\/totaleknieprothese\/wp-content\/uploads\/sites\/32\/2016\/04\/Voorstellen-van-de-kamer.png\" alt=\"Voorstellen van de kamer\" width=\"875\" height=\"581\" srcset=\"https:\/\/vivesweb.be\/totaleknieprothese\/wp-content\/uploads\/sites\/32\/2016\/04\/Voorstellen-van-de-kamer.png 875w, https:\/\/vivesweb.be\/totaleknieprothese\/wp-content\/uploads\/sites\/32\/2016\/04\/Voorstellen-van-de-kamer-300x199.png 300w, https:\/\/vivesweb.be\/totaleknieprothese\/wp-content\/uploads\/sites\/32\/2016\/04\/Voorstellen-van-de-kamer-768x510.png 768w, https:\/\/vivesweb.be\/totaleknieprothese\/wp-content\/uploads\/sites\/32\/2016\/04\/Voorstellen-van-de-kamer-690x458.png 690w\" sizes=\"auto, (max-width: 875px) 100vw, 875px\" \/><\/p>\n<p class=\"p1\"><span class=\"s1\"><div class=\"su-spoiler su-spoiler-style-default su-spoiler-icon-plus su-spoiler-closed\" data-scroll-offset=\"0\" data-anchor-in-url=\"no\"><div class=\"su-spoiler-title\" tabindex=\"0\" role=\"button\"><span class=\"su-spoiler-icon\"><\/span>Film: Onthaal op de afdeling orthopedie<\/div><div class=\"su-spoiler-content su-u-clearfix su-u-trim\"><\/span><\/p>\n<p>https:\/\/www.youtube.com\/watch?v=29yxos8kml4<\/p>\n<p class=\"p1\"><span class=\"s1\"><\/div><\/div><\/span><\/p>\n<p class=\"p1\"><a href=\"http:\/\/dienst-orthopedie\" class=\"su-button su-button-style-default\" style=\"color:#FFFFFF;background-color:#2D89EF;border-color:#246ec0;border-radius:5px\" target=\"_self\"><span style=\"color:#FFFFFF;padding:0px 16px;font-size:13px;line-height:26px;border-color:#6cadf4;border-radius:5px;text-shadow:none\"> Vorige<\/span><\/a>\u00a0<a href=\"http:\/\/Voorbereiden-van-patient-op-de-ingreep\" class=\"su-button su-button-style-default\" style=\"color:#FFFFFF;background-color:#2D89EF;border-color:#246ec0;border-radius:5px\" target=\"_self\"><span style=\"color:#FFFFFF;padding:0px 16px;font-size:13px;line-height:26px;border-color:#6cadf4;border-radius:5px;text-shadow:none\"> Volgende<\/span><\/a>\n","protected":false},"excerpt":{"rendered":"<p>4.3 De kamer U kunt kiezen uit een \u00e9\u00e9npersoons- of tweepersoonskamer. ! Er kunnen supplementen aangerekend worden wanneer u kiest voor een \u00e9\u00e9npersoonskamer. Uw kamerkeuze kunt u doorgeven aan de administratieve opnamedienst. \u00a0<\/p>\n","protected":false},"author":53,"featured_media":0,"parent":0,"menu_order":0,"comment_status":"closed","ping_status":"closed","template":"","meta":{"footnotes":""},"categories":[],"tags":[],"class_list":["post-125","page","type-page","status-publish","hentry"],"_links":{"self":[{"href":"https:\/\/vivesweb.be\/totaleknieprothese\/wp-json\/wp\/v2\/pages\/125","targetHints":{"allow":["GET"]}}],"collection":[{"href":"https:\/\/vivesweb.be\/totaleknieprothese\/wp-json\/wp\/v2\/pages"}],"about":[{"href":"https:\/\/vivesweb.be\/totaleknieprothese\/wp-json\/wp\/v2\/types\/page"}],"author":[{"embeddable":true,"href":"https:\/\/vivesweb.be\/totaleknieprothese\/wp-json\/wp\/v2\/users\/53"}],"replies":[{"embeddable":true,"href":"https:\/\/vivesweb.be\/totaleknieprothese\/wp-json\/wp\/v2\/comments?post=125"}],"version-history":[{"count":10,"href":"https:\/\/vivesweb.be\/totaleknieprothese\/wp-json\/wp\/v2\/pages\/125\/revisions"}],"predecessor-version":[{"id":463,"href":"https:\/\/vivesweb.be\/totaleknieprothese\/wp-json\/wp\/v2\/pages\/125\/revisions\/463"}],"wp:attachment":[{"href":"https:\/\/vivesweb.be\/totaleknieprothese\/wp-json\/wp\/v2\/media?parent=125"}],"wp:term":[{"taxonomy":"category","embeddable":true,"href":"https:\/\/vivesweb.be\/totaleknieprothese\/wp-json\/wp\/v2\/categories?post=125"},{"taxonomy":"post_tag","embeddable":true,"href":"https:\/\/vivesweb.be\/totaleknieprothese\/wp-json\/wp\/v2\/tags?post=125"}],"curies":[{"name":"wp","href":"https:\/\/api.w.org\/{rel}","templated":true}]}}