{"id":225,"date":"2016-04-22T01:45:59","date_gmt":"2016-04-21T23:45:59","guid":{"rendered":"http:\/\/vivesweb.be\/totaleknieprothese\/?page_id=225"},"modified":"2016-04-29T14:10:17","modified_gmt":"2016-04-29T12:10:17","slug":"complicaties","status":"publish","type":"page","link":"https:\/\/vivesweb.be\/totaleknieprothese\/complicaties\/","title":{"rendered":"11. Complicaties"},"content":{"rendered":"<p>Zoals bij iedere ingreep is het mogelijk dat er complicaties opduiken. Bij deze ingreep is de kans op complicaties klein, maar daarom niet onbestaande.<\/p>\n<p><strong>!<\/strong> In de volgende gevallen moet u uw huisarts verwittigen:<\/p>\n<p>&#8211; Als de wonde abnormaal rood en warm is<br \/>\n<span style=\"line-height: 1.7em\">&#8211; Als er vocht uit de wonde komt<br \/>\n<\/span> &#8211; Bij toenemende koorts<br \/>\n&#8211; Bij pijn en zwelling in de kuit<br \/>\n&#8211; Bij plotse kortademigheid<br \/>\n&#8211; Bij plotse pijn op de borst<\/p>\n<p>Indien u een opsomming van de mogelijke complicaties wenst te raadplegen, klik dan<\/p>\n<div class=\"su-spoiler su-spoiler-style-default su-spoiler-icon-plus su-spoiler-closed\" data-scroll-offset=\"0\" data-anchor-in-url=\"no\"><div class=\"su-spoiler-title\" tabindex=\"0\" role=\"button\"><span class=\"su-spoiler-icon\"><\/span>HIER<\/div><div class=\"su-spoiler-content su-u-clearfix su-u-trim\">\n<p><span class=\"s1\"><div class=\"su-spoiler su-spoiler-style-default su-spoiler-icon-plus su-spoiler-closed\" data-scroll-offset=\"0\" data-anchor-in-url=\"no\"><div class=\"su-spoiler-title\" tabindex=\"0\" role=\"button\"><span class=\"su-spoiler-icon\"><\/span>Koorts<\/div><div class=\"su-spoiler-content su-u-clearfix su-u-trim\"><\/div><\/div><\/span><span class=\"s1\">De eerste dagen na de ingreep kunt u koorts hebben, dit verdwijnt echter spontaan.[_\/su_spoiler]<\/span><\/p>\n<p class=\"p1\"><span class=\"s1\"><div class=\"su-spoiler su-spoiler-style-default su-spoiler-icon-plus su-spoiler-closed\" data-scroll-offset=\"0\" data-anchor-in-url=\"no\"><div class=\"su-spoiler-title\" tabindex=\"0\" role=\"button\"><span class=\"su-spoiler-icon\"><\/span>Zwelling van het geopereerde been<\/div><div class=\"su-spoiler-content su-u-clearfix su-u-trim\"><\/div><\/div>Dit is normaal.\u00a0Na een paar weken zal de zwelling volledig verdwijnen. Het been in hoogstand plaatsen en er ijs op leggen kan helpen.<\/span><span class=\"s1\">[_\/su_spoiler]<\/span><\/p>\n<p class=\"p1\"><span class=\"s1\"><div class=\"su-spoiler su-spoiler-style-default su-spoiler-icon-plus su-spoiler-closed\" data-scroll-offset=\"0\" data-anchor-in-url=\"no\"><div class=\"su-spoiler-title\" tabindex=\"0\" role=\"button\"><span class=\"su-spoiler-icon\"><\/span>Infectie<\/div><div class=\"su-spoiler-content su-u-clearfix su-u-trim\"><\/div><\/div><\/span>Er kan zich een infectie van het gewricht voordoen.<br \/>\nAls drager van een knieprothese blijft de kans op infectie bestaan, ook in de toekomst. Daarom moet u altijd uw huisarts, tandarts of andere specialist hierover inlichten. Tijdens bepaalde behandelingen en\/of ingrepen kan de arts u preventief antibiotica geven om infecties te voorkomen.<span class=\"s1\">[_\/su_spoiler]<\/span><\/p>\n<p class=\"p1\"><span class=\"s1\"><div class=\"su-spoiler su-spoiler-style-default su-spoiler-icon-plus su-spoiler-closed\" data-scroll-offset=\"0\" data-anchor-in-url=\"no\"><div class=\"su-spoiler-title\" tabindex=\"0\" role=\"button\"><span class=\"su-spoiler-icon\"><\/span>Blaasontsteking<\/div><div class=\"su-spoiler-content su-u-clearfix su-u-trim\"><\/div><\/div><\/span>Vooral vrouwen hebben last van deze complicatie. Uw medicatieschema wordt aangepast.<span class=\"s1\">[_\/su_spoiler]<\/span><\/p>\n<p class=\"p1\"><span class=\"s1\"><div class=\"su-spoiler su-spoiler-style-default su-spoiler-icon-plus su-spoiler-closed\" data-scroll-offset=\"0\" data-anchor-in-url=\"no\"><div class=\"su-spoiler-title\" tabindex=\"0\" role=\"button\"><span class=\"su-spoiler-icon\"><\/span>Flebitis<\/div><div class=\"su-spoiler-content su-u-clearfix su-u-trim\"><\/div><\/div><\/span>Flebitis is het ontsteken van een ader. Dit komt meestal voor in de benen. U moet hiervoor vooral aandachtig zijn wanneer u reeds flebitis hebt gehad of wanneer u last heeft van spataders.<\/p>\n<p class=\"p1\">Symptomen zijn: pijn in het onderbeen, het onderbeen voelt warm aan en is hard. Wanneer u vermoeden van flebitis heeft, moet u steeds uw behandelende arts of huisarts op de hoogte brengen.<span class=\"s1\">[_\/su_spoiler]<\/span><\/p>\n<p class=\"p1\"><span class=\"s1\"><div class=\"su-spoiler su-spoiler-style-default su-spoiler-icon-plus su-spoiler-closed\" data-scroll-offset=\"0\" data-anchor-in-url=\"no\"><div class=\"su-spoiler-title\" tabindex=\"0\" role=\"button\"><span class=\"su-spoiler-icon\"><\/span>Longembool<\/div><div class=\"su-spoiler-content su-u-clearfix su-u-trim\"><\/div><\/div>Een longembool is een bloedklonter die vast komt te zitten in de bloedvaten van de longen. Om dit te voorkomen draagt u elastische zwachtels en krijgt u bloed verdunnende medicatie. Voldoende bewegen is aangeraden.[_\/su_spoiler]<\/span><\/p>\n<p class=\"p1\"><span class=\"s1\"><div class=\"su-spoiler su-spoiler-style-default su-spoiler-icon-plus su-spoiler-closed\" data-scroll-offset=\"0\" data-anchor-in-url=\"no\"><div class=\"su-spoiler-title\" tabindex=\"0\" role=\"button\"><span class=\"su-spoiler-icon\"><\/span>Overtollig vochtverlies uit de operatiewonde<\/div><div class=\"su-spoiler-content su-u-clearfix su-u-trim\"><\/div><\/div><\/span>Dit is oud bloed en wondvocht dat een weg naar buiten zoekt. Wanneer er sprake is van overtollig vochtverlies, wordt uw medicatie- en kin\u00e9schema aangepast.<span class=\"s1\">[_\/su_spoiler]<\/span><\/p>\n<p class=\"p1\"><span class=\"s1\"><div class=\"su-spoiler su-spoiler-style-default su-spoiler-icon-plus su-spoiler-closed\" data-scroll-offset=\"0\" data-anchor-in-url=\"no\"><div class=\"su-spoiler-title\" tabindex=\"0\" role=\"button\"><span class=\"su-spoiler-icon\"><\/span>Huidblaren<\/div><div class=\"su-spoiler-content su-u-clearfix su-u-trim\"><\/div><\/div>Deze zijn een reactie op de ontsmettingsstof of op het verband dat wordt gebruikt tijdens of na de operatie. Uw zorgplan wordt aangepast.[_\/su_spoiler]<\/span><\/p>\n<p class=\"p1\"><span class=\"s1\"><div class=\"su-spoiler su-spoiler-style-default su-spoiler-icon-plus su-spoiler-closed\" data-scroll-offset=\"0\" data-anchor-in-url=\"no\"><div class=\"su-spoiler-title\" tabindex=\"0\" role=\"button\"><span class=\"su-spoiler-icon\"><\/span>Aanhoudende pijn<\/div><div class=\"su-spoiler-content su-u-clearfix su-u-trim\"><\/div><\/div>Deze pijn komt voor bij een kleine groep van de pati\u00ebnten. Wanneer deze pijn langer dan \u00e9\u00e9n jaar aanwezig blijft, zal men extra onderzoeken uitvoeren om de oorzaak hiervan op te sporen.[_\/su_spoiler]<\/span><\/p>\n<\/div><\/div>\n<a href=\"http:\/\/het-ontslag\" class=\"su-button su-button-style-default\" style=\"color:#FFFFFF;background-color:#2D89EF;border-color:#246ec0;border-radius:5px\" target=\"_self\"><span style=\"color:#FFFFFF;padding:0px 16px;font-size:13px;line-height:26px;border-color:#6cadf4;border-radius:5px;text-shadow:none\"> Vorige<\/span><\/a>\u00a0<a href=\"http:\/\/veel-gestelde-vragen\" class=\"su-button su-button-style-default\" style=\"color:#FFFFFF;background-color:#2D89EF;border-color:#246ec0;border-radius:5px\" target=\"_self\"><span style=\"color:#FFFFFF;padding:0px 16px;font-size:13px;line-height:26px;border-color:#6cadf4;border-radius:5px;text-shadow:none\"> Volgende<\/span><\/a>\n","protected":false},"excerpt":{"rendered":"<p>Zoals bij iedere ingreep is het mogelijk dat er complicaties opduiken. Bij deze ingreep is de kans op complicaties klein, maar daarom niet onbestaande. ! In de volgende gevallen moet u uw huisarts verwittigen: &#8211; Als de wonde abnormaal rood en warm is &#8211; Als er vocht uit de wonde komt &#8211; Bij toenemende koorts [&hellip;]<\/p>\n","protected":false},"author":53,"featured_media":0,"parent":0,"menu_order":0,"comment_status":"closed","ping_status":"closed","template":"","meta":{"footnotes":""},"categories":[],"tags":[],"class_list":["post-225","page","type-page","status-publish","hentry"],"_links":{"self":[{"href":"https:\/\/vivesweb.be\/totaleknieprothese\/wp-json\/wp\/v2\/pages\/225","targetHints":{"allow":["GET"]}}],"collection":[{"href":"https:\/\/vivesweb.be\/totaleknieprothese\/wp-json\/wp\/v2\/pages"}],"about":[{"href":"https:\/\/vivesweb.be\/totaleknieprothese\/wp-json\/wp\/v2\/types\/page"}],"author":[{"embeddable":true,"href":"https:\/\/vivesweb.be\/totaleknieprothese\/wp-json\/wp\/v2\/users\/53"}],"replies":[{"embeddable":true,"href":"https:\/\/vivesweb.be\/totaleknieprothese\/wp-json\/wp\/v2\/comments?post=225"}],"version-history":[{"count":25,"href":"https:\/\/vivesweb.be\/totaleknieprothese\/wp-json\/wp\/v2\/pages\/225\/revisions"}],"predecessor-version":[{"id":592,"href":"https:\/\/vivesweb.be\/totaleknieprothese\/wp-json\/wp\/v2\/pages\/225\/revisions\/592"}],"wp:attachment":[{"href":"https:\/\/vivesweb.be\/totaleknieprothese\/wp-json\/wp\/v2\/media?parent=225"}],"wp:term":[{"taxonomy":"category","embeddable":true,"href":"https:\/\/vivesweb.be\/totaleknieprothese\/wp-json\/wp\/v2\/categories?post=225"},{"taxonomy":"post_tag","embeddable":true,"href":"https:\/\/vivesweb.be\/totaleknieprothese\/wp-json\/wp\/v2\/tags?post=225"}],"curies":[{"name":"wp","href":"https:\/\/api.w.org\/{rel}","templated":true}]}}