{"id":42,"date":"2015-04-30T09:21:54","date_gmt":"2015-04-30T08:21:54","guid":{"rendered":"http:\/\/vivesweb.be\/wereldorientatie\/?page_id=42"},"modified":"2015-05-04T08:24:18","modified_gmt":"2015-05-04T07:24:18","slug":"snoezelfiches-kleuteronderwijs","status":"publish","type":"page","link":"https:\/\/vivesweb.be\/wereldorientatie\/snoezelfiches-kleuteronderwijs\/","title":{"rendered":"Snoezelfiches kleuteronderwijs"},"content":{"rendered":"<p><strong>WAT?<\/strong><\/p>\n<p>\u201cAlmaar vaker hoor je over \u2018snoezelen\u2019 praten.\u00a0 Snoezelen is een samentrekking van \u2018snuffelen\u2019 en \u2018doezelen\u2019 en gebeurt in een speciaal daartoe ingerichte ruimte.\u00a0 Met \u2018snuffelen\u2019 wordt bedoeld dat alle zintuigen geprikkeld worden en \u2018doezelen\u2019 betekent dat je lekker mag ontspannen en van de ruimte mag genieten.\u201d (uit \u2018Kleuters en ik \u2013 jrg. 22\/4 \u2013 2005-2006).<\/p>\n<p><a href=\"https:\/\/vivesweb.be\/wereldorientatie\/wp-content\/uploads\/sites\/10\/2015\/04\/snoezelen1.jpg\"><img loading=\"lazy\" decoding=\"async\" class=\" size-medium wp-image-43 aligncenter\" src=\"https:\/\/vivesweb.be\/wereldorientatie\/wp-content\/uploads\/sites\/10\/2015\/04\/snoezelen1-300x204.jpg\" alt=\"snoezelen1\" width=\"300\" height=\"204\" srcset=\"https:\/\/vivesweb.be\/wereldorientatie\/wp-content\/uploads\/sites\/10\/2015\/04\/snoezelen1-300x204.jpg 300w, https:\/\/vivesweb.be\/wereldorientatie\/wp-content\/uploads\/sites\/10\/2015\/04\/snoezelen1.jpg 400w\" sizes=\"auto, (max-width: 300px) 100vw, 300px\" \/><\/a><\/p>\n<p align=\"left\">Onze derdejaars kleuteronderwijs richten elk jaar een snoezelruimte in.\u00a0 Op enkele dagen tijd toveren zij een steriele klas om in een sfeervolle ruimte boordevol zintuiglijke prikkels.\u00a0 Een honderdtal kleuters krijgen dan meteen de kans om zich te laten onderdompelen in de warme en verrassende sfeer van de snoezelruimte.<\/p>\n<p>Aan het ontwerp van de snoezelruimte en alle snoezelvoorwerpen gaat een heel proces vooraf.\u00a0 Daarin worden onze studenten bijgestaan door Ronny Vanoosthuyse en Joep Derie, twee leerkrachten van Stella Maris Kortrijk, die terecht twee snoezelpioniers genoemd kunnen worden.\u00a0 Met een karrevracht materiaal (en dat mag letterlijk genomen worden) brengen ze de studenten een aantal criteria bij, waaraan goed snoezelmateriaal moet voldoen.<br \/>\nIn opgesplitste groepen gaan de studenten daarna aan de slag.\u00a0 Een thema wordt afgesproken (\u2018onder water\u2019, \u2018gaatjes\u2019,\u2026), een zintuig wordt centraal gesteld\u2026 en de bouw van snoezelvoorwerpen en \u2013ruimte kan beginnen.<\/p>\n<p><a href=\"https:\/\/vivesweb.be\/wereldorientatie\/wp-content\/uploads\/sites\/10\/2015\/04\/snoezelen2.jpg\"><img loading=\"lazy\" decoding=\"async\" class=\" size-medium wp-image-44 aligncenter\" src=\"https:\/\/vivesweb.be\/wereldorientatie\/wp-content\/uploads\/sites\/10\/2015\/04\/snoezelen2-300x204.jpg\" alt=\"snoezelen2\" width=\"300\" height=\"204\" srcset=\"https:\/\/vivesweb.be\/wereldorientatie\/wp-content\/uploads\/sites\/10\/2015\/04\/snoezelen2-300x204.jpg 300w, https:\/\/vivesweb.be\/wereldorientatie\/wp-content\/uploads\/sites\/10\/2015\/04\/snoezelen2.jpg 400w\" sizes=\"auto, (max-width: 300px) 100vw, 300px\" \/><\/a><\/p>\n<p>Criteria en meer achtergrond i.v.m. snoezelen zijn terug te vinden in \u2018Het grote snoezelboek\u2019 (van Joep en Ronny) dat bij Abimo is uitgegeven.<\/p>\n<p><a href=\"https:\/\/vivesweb.be\/wereldorientatie\/wp-content\/uploads\/sites\/10\/2015\/04\/snoezelen3.jpg\"><img loading=\"lazy\" decoding=\"async\" class=\" size-medium wp-image-45 aligncenter\" src=\"https:\/\/vivesweb.be\/wereldorientatie\/wp-content\/uploads\/sites\/10\/2015\/04\/snoezelen3-300x204.jpg\" alt=\"snoezelen3\" width=\"300\" height=\"204\" srcset=\"https:\/\/vivesweb.be\/wereldorientatie\/wp-content\/uploads\/sites\/10\/2015\/04\/snoezelen3-300x204.jpg 300w, https:\/\/vivesweb.be\/wereldorientatie\/wp-content\/uploads\/sites\/10\/2015\/04\/snoezelen3.jpg 400w\" sizes=\"auto, (max-width: 300px) 100vw, 300px\" \/><\/a><\/p>\n<p><strong>LEEFTIJD<\/strong><\/p>\n<p>Hoewel de snoezeltherapie haar oorsprong vindt in de gehandicaptensector is heel snel gebleken dat ook kleuters ongelooflijk geboeid kunnen zijn door de zintuiglijke prikkels in die verrassende ruimte.\u00a0 Wie het ooit meemaakte, moet zelfs toegeven dat het als volwassene een al even verrijkende ervaring is.<\/p>\n<p><a href=\"https:\/\/vivesweb.be\/wereldorientatie\/wp-content\/uploads\/sites\/10\/2015\/04\/snoezelen5.jpg\"><img loading=\"lazy\" decoding=\"async\" class=\" size-medium wp-image-47 alignleft\" src=\"https:\/\/vivesweb.be\/wereldorientatie\/wp-content\/uploads\/sites\/10\/2015\/04\/snoezelen5-204x300.jpg\" alt=\"snoezelen5\" width=\"204\" height=\"300\" srcset=\"https:\/\/vivesweb.be\/wereldorientatie\/wp-content\/uploads\/sites\/10\/2015\/04\/snoezelen5-204x300.jpg 204w, https:\/\/vivesweb.be\/wereldorientatie\/wp-content\/uploads\/sites\/10\/2015\/04\/snoezelen5.jpg 272w\" sizes=\"auto, (max-width: 204px) 100vw, 204px\" \/><\/a><a href=\"https:\/\/vivesweb.be\/wereldorientatie\/wp-content\/uploads\/sites\/10\/2015\/04\/snoezelen4.jpg\"><img loading=\"lazy\" decoding=\"async\" class=\"alignnone size-medium wp-image-46\" src=\"https:\/\/vivesweb.be\/wereldorientatie\/wp-content\/uploads\/sites\/10\/2015\/04\/snoezelen4-204x300.jpg\" alt=\"snoezelen4\" width=\"204\" height=\"300\" srcset=\"https:\/\/vivesweb.be\/wereldorientatie\/wp-content\/uploads\/sites\/10\/2015\/04\/snoezelen4-204x300.jpg 204w, https:\/\/vivesweb.be\/wereldorientatie\/wp-content\/uploads\/sites\/10\/2015\/04\/snoezelen4.jpg 272w\" sizes=\"auto, (max-width: 204px) 100vw, 204px\" \/><\/a><\/p>\n<p><strong>OPBOUW<\/strong><\/p>\n<p>Om ervoor te zorgen dat de criteria bij goed snoezelmateriaal geen dode letter blijven, maken de studenten bij enkele snoezelvoorwerpen een begeleidende fiche.<br \/>\nDeze fiches zijn op deze website te raadplegen en kunnen je wellicht inspiratie bieden om ook zelf een snoezelhoekje in je klas op te bouwen.<br \/>\nE\u00e9n criterium van een goed snoezelvoorwerp is het feit dat vooral \u00e9\u00e9n zintuig centraal staat.\u00a0 Teveel verschillende prikkels in eenzelfde voorwerp zijn verwarrend en weinig rustgevend.\u00a0 Dat is meteen de reden waarom de onderstaande snoezelfiches per zintuig opgesplitst zijn.<\/p>\n<p>Maak je keuze en ga aan de slag en laat ons vooral weten of snoezelen ook in jouw klas synoniem staat met zintuiglijk genieten.<\/p>\n<p><strong>SNOEZELFICHES<\/strong><\/p>\n<p><a href=\"https:\/\/vivesweb.be\/wereldorientatie\/wp-content\/uploads\/sites\/10\/2015\/04\/ballonnenmatras.pdf\">ballonnenmatras<\/a><\/p>\n<p><a href=\"https:\/\/vivesweb.be\/wereldorientatie\/wp-content\/uploads\/sites\/10\/2015\/04\/0607bako3ikneemjebijdeneus-Eva-en-Nathalie.pdf\">ikneemjebijdeneus<\/a><\/p>\n<p><a href=\"https:\/\/vivesweb.be\/wereldorientatie\/wp-content\/uploads\/sites\/10\/2015\/04\/0607bako3ikvoel-ikvoel-Liesbeth-en-Lies.pdf\">ikvoel, ikvoel<\/a><\/p>\n<p><a href=\"https:\/\/vivesweb.be\/wereldorientatie\/wp-content\/uploads\/sites\/10\/2015\/04\/0607bako3kijkbuizen-Leen-en-Natalie.pdf\">kijkbuizen<\/a><\/p>\n<p><a href=\"https:\/\/vivesweb.be\/wereldorientatie\/wp-content\/uploads\/sites\/10\/2015\/04\/0607bako3muzieksymfonie-Jama\u00efca-en-Marieke.pdf\">muzieksymfonie<\/a><\/p>\n<p><a href=\"https:\/\/vivesweb.be\/wereldorientatie\/wp-content\/uploads\/sites\/10\/2015\/04\/0607bako3nagel-enkroonkurkdraaimolen-Barbara-en-Bieke.pdf\">nagel-enkroonkurkdraaimolen<\/a><\/p>\n<p><a href=\"https:\/\/vivesweb.be\/wereldorientatie\/wp-content\/uploads\/sites\/10\/2015\/04\/0607bako3piramidevanCDos-Lore-en-Lisa.pdf\">piramidevanCD&#8217;s<\/a><\/p>\n<p><a href=\"https:\/\/vivesweb.be\/wereldorientatie\/wp-content\/uploads\/sites\/10\/2015\/04\/0607bako3rararaatje-Kimberly-en-Annelies.pdf\">rararaatje<\/a><\/p>\n<p><a href=\"https:\/\/vivesweb.be\/wereldorientatie\/wp-content\/uploads\/sites\/10\/2015\/04\/0607bako3reukwiel-Stefanie-en-Annelies.pdf\">reukwiel<\/a><\/p>\n<p><a href=\"https:\/\/vivesweb.be\/wereldorientatie\/wp-content\/uploads\/sites\/10\/2015\/04\/0607bako3snoeRI-pad-Romina-en-Ilysse.pdf\">snoeRI-pad<\/a><\/p>\n<p><a href=\"https:\/\/vivesweb.be\/wereldorientatie\/wp-content\/uploads\/sites\/10\/2015\/04\/0607bako3speelkubus-Marieke-en-Jogien.pdf\">speelkubus<\/a><\/p>\n<p><a href=\"https:\/\/vivesweb.be\/wereldorientatie\/wp-content\/uploads\/sites\/10\/2015\/04\/0607bako3thedreambears-Lore-en-St\u00e9phanie.pdf\">thedreambears<\/a><\/p>\n<p><a href=\"https:\/\/vivesweb.be\/wereldorientatie\/wp-content\/uploads\/sites\/10\/2015\/04\/0607bako3twinkelpinkel-Gwena\u00eblle-en-Sarah.pdf\">twinkelpinkel<\/a><\/p>\n<p><a href=\"https:\/\/vivesweb.be\/wereldorientatie\/wp-content\/uploads\/sites\/10\/2015\/04\/0607bako3verrassingshoeden-Ulrike.pdf\">verrassingshoeden<\/a><\/p>\n<p><a href=\"https:\/\/vivesweb.be\/wereldorientatie\/wp-content\/uploads\/sites\/10\/2015\/04\/0607bako3voelbeer-Ellen-en-Deborah.pdf\">voelbeer<\/a><\/p>\n<p><a href=\"https:\/\/vivesweb.be\/wereldorientatie\/wp-content\/uploads\/sites\/10\/2015\/04\/0607bako3voelgiraf-Liselotte-en-Veerle.pdf\">voelgiraf<\/a><\/p>\n<p><a href=\"https:\/\/vivesweb.be\/wereldorientatie\/wp-content\/uploads\/sites\/10\/2015\/04\/0607bako3voelknuffels-Charlotte-en-Nele.pdf\">voelknuffels<\/a><\/p>\n<p><a href=\"https:\/\/vivesweb.be\/wereldorientatie\/wp-content\/uploads\/sites\/10\/2015\/04\/0607bako3voelstoel-Ine-en-Ellen.pdf\">voelstoel<\/a><\/p>\n<p><a href=\"https:\/\/vivesweb.be\/wereldorientatie\/wp-content\/uploads\/sites\/10\/2015\/04\/0607bako3wiegel-voelbed-Evy-en-Nathalie.pdf\">wiegel-voelbed<\/a><\/p>\n<p><a href=\"https:\/\/vivesweb.be\/wereldorientatie\/wp-content\/uploads\/sites\/10\/2015\/04\/ballonnenwolk.pdf\">ballonnenwolk<\/a><\/p>\n<p><a href=\"https:\/\/vivesweb.be\/wereldorientatie\/wp-content\/uploads\/sites\/10\/2015\/04\/handschoenen.pdf\">handschoenen<\/a><\/p>\n<p><a href=\"https:\/\/vivesweb.be\/wereldorientatie\/wp-content\/uploads\/sites\/10\/2015\/04\/kijk-en-voelkussens.pdf\">kijk- en voelkussens<\/a><\/p>\n<p><a href=\"https:\/\/vivesweb.be\/wereldorientatie\/wp-content\/uploads\/sites\/10\/2015\/04\/nagel-en-kroonkurkdraaimolen.pdf\">nagel-en kroonkurkdraaimolen<\/a><\/p>\n<p><a href=\"https:\/\/vivesweb.be\/wereldorientatie\/wp-content\/uploads\/sites\/10\/2015\/04\/optische-illusie.pdf\">optische illusie<\/a><\/p>\n<p><a href=\"https:\/\/vivesweb.be\/wereldorientatie\/wp-content\/uploads\/sites\/10\/2015\/04\/slinger-van-cds.pdf\">slinger van cd&#8217;s<\/a><\/p>\n<p><a href=\"https:\/\/vivesweb.be\/wereldorientatie\/wp-content\/uploads\/sites\/10\/2015\/04\/slinger-van-piepschuim.pdf\">slinger van piepschuim<\/a><\/p>\n<p><a href=\"https:\/\/vivesweb.be\/wereldorientatie\/wp-content\/uploads\/sites\/10\/2015\/04\/slinger-van-ponponnetjes.pdf\">slinger van ponponnetjes<\/a><\/p>\n<p><a href=\"https:\/\/vivesweb.be\/wereldorientatie\/wp-content\/uploads\/sites\/10\/2015\/04\/springslangen.pdf\">springslangen<\/a><\/p>\n<p><a href=\"https:\/\/vivesweb.be\/wereldorientatie\/wp-content\/uploads\/sites\/10\/2015\/04\/voelbakjes.pdf\">voelbakjes<\/a><\/p>\n<p><a href=\"https:\/\/vivesweb.be\/wereldorientatie\/wp-content\/uploads\/sites\/10\/2015\/04\/voelbord.pdf\">voelbord<\/a><\/p>\n<p><a href=\"https:\/\/vivesweb.be\/wereldorientatie\/wp-content\/uploads\/sites\/10\/2015\/04\/voelslinger.pdf\">voelslinger<\/a><\/p>\n<p><a href=\"https:\/\/vivesweb.be\/wereldorientatie\/wp-content\/uploads\/sites\/10\/2015\/04\/zwart-wit-silhouetten.pdf\">zwart-wit silhouetten<\/a><\/p>\n<p><a href=\"https:\/\/vivesweb.be\/wereldorientatie\/wp-content\/uploads\/sites\/10\/2015\/04\/zwart-wit-tekenplankjes.pdf\">zwart-wit tekenplankjes<\/a><\/p>\n<p><a href=\"https:\/\/vivesweb.be\/wereldorientatie\/wp-content\/uploads\/sites\/10\/2015\/04\/zwart-wit-zitzak.pdf\">zwart-wit zitzak<\/a><\/p>\n<p><a href=\"https:\/\/vivesweb.be\/wereldorientatie\/wp-content\/uploads\/sites\/10\/2015\/04\/0607bako3allevingerslos-Kim-en-Elien.pdf\">allevingerslos<\/a><\/p>\n<p><a href=\"https:\/\/vivesweb.be\/wereldorientatie\/wp-content\/uploads\/sites\/10\/2015\/04\/0607bako3basjedebeer-Carolien-en-Severien.pdf\">basjedebeer<\/a><\/p>\n<p><a href=\"https:\/\/vivesweb.be\/wereldorientatie\/wp-content\/uploads\/sites\/10\/2015\/04\/0607bako3deappelboom-Ellen-en-Aline.pdf\">deappelboom<\/a><\/p>\n<p><a href=\"https:\/\/vivesweb.be\/wereldorientatie\/wp-content\/uploads\/sites\/10\/2015\/04\/0607bako3degiraf-Evelien-en-Evelien.pdf\">degiraf<\/a><\/p>\n<p><a href=\"https:\/\/vivesweb.be\/wereldorientatie\/wp-content\/uploads\/sites\/10\/2015\/04\/0607bako3fe-li-qbus-Yannis-en-Isabelle.pdf\">fe-li-qbus<\/a><\/p>\n<p><a href=\"https:\/\/vivesweb.be\/wereldorientatie\/wp-content\/uploads\/sites\/10\/2015\/04\/0607bako3fonkelendeijslamp-Elke-en-Silke.pdf\">fonkelendeijslamp<\/a><\/p>\n<p><a href=\"https:\/\/vivesweb.be\/wereldorientatie\/wp-content\/uploads\/sites\/10\/2015\/04\/0607bako3hetvoelkussen-Lien.pdf\">hetvoelkussen<\/a><\/p>\n<p>&nbsp;<\/p>\n<p>&nbsp;<\/p>\n<p>&nbsp;<\/p>\n","protected":false},"excerpt":{"rendered":"<p>WAT? \u201cAlmaar vaker hoor je over \u2018snoezelen\u2019 praten.\u00a0 Snoezelen is een samentrekking van \u2018snuffelen\u2019 en \u2018doezelen\u2019 en gebeurt in een speciaal daartoe ingerichte ruimte.\u00a0 Met \u2018snuffelen\u2019 wordt bedoeld dat alle zintuigen geprikkeld worden en \u2018doezelen\u2019 betekent dat je lekker mag ontspannen en van de ruimte mag genieten.\u201d (uit \u2018Kleuters en ik \u2013 jrg. 22\/4 \u2013 <a href=\"https:\/\/vivesweb.be\/wereldorientatie\/snoezelfiches-kleuteronderwijs\/\" rel=\"nofollow\"><span class=\"sr-only\">Lees meer overSnoezelfiches kleuteronderwijs<\/span>[&hellip;]<\/a><\/p>\n","protected":false},"author":33,"featured_media":0,"parent":0,"menu_order":0,"comment_status":"open","ping_status":"open","template":"","meta":{"footnotes":""},"categories":[],"tags":[],"class_list":["post-42","page","type-page","status-publish","hentry"],"_links":{"self":[{"href":"https:\/\/vivesweb.be\/wereldorientatie\/wp-json\/wp\/v2\/pages\/42","targetHints":{"allow":["GET"]}}],"collection":[{"href":"https:\/\/vivesweb.be\/wereldorientatie\/wp-json\/wp\/v2\/pages"}],"about":[{"href":"https:\/\/vivesweb.be\/wereldorientatie\/wp-json\/wp\/v2\/types\/page"}],"author":[{"embeddable":true,"href":"https:\/\/vivesweb.be\/wereldorientatie\/wp-json\/wp\/v2\/users\/33"}],"replies":[{"embeddable":true,"href":"https:\/\/vivesweb.be\/wereldorientatie\/wp-json\/wp\/v2\/comments?post=42"}],"version-history":[{"count":4,"href":"https:\/\/vivesweb.be\/wereldorientatie\/wp-json\/wp\/v2\/pages\/42\/revisions"}],"predecessor-version":[{"id":180,"href":"https:\/\/vivesweb.be\/wereldorientatie\/wp-json\/wp\/v2\/pages\/42\/revisions\/180"}],"wp:attachment":[{"href":"https:\/\/vivesweb.be\/wereldorientatie\/wp-json\/wp\/v2\/media?parent=42"}],"wp:term":[{"taxonomy":"category","embeddable":true,"href":"https:\/\/vivesweb.be\/wereldorientatie\/wp-json\/wp\/v2\/categories?post=42"},{"taxonomy":"post_tag","embeddable":true,"href":"https:\/\/vivesweb.be\/wereldorientatie\/wp-json\/wp\/v2\/tags?post=42"}],"curies":[{"name":"wp","href":"https:\/\/api.w.org\/{rel}","templated":true}]}}